{"id":2467,"date":"2021-07-08T17:05:19","date_gmt":"2021-07-08T17:05:19","guid":{"rendered":"https:\/\/hidrologicasolucoes.com.br\/?page_id=2467"},"modified":"2021-10-15T21:23:53","modified_gmt":"2021-10-15T21:23:53","slug":"barragens","status":"publish","type":"page","link":"https:\/\/hidrologicasolucoes.com.br\/index.php\/solucoes\/barragens\/","title":{"rendered":"Barragens"},"content":{"rendered":"\t\t<div data-elementor-type=\"wp-page\" data-elementor-id=\"2467\" class=\"elementor elementor-2467\" data-elementor-settings=\"[]\">\n\t\t\t\t\t\t\t<div class=\"elementor-section-wrap\">\n\t\t\t\t\t\t\t<section class=\"elementor-section elementor-top-section elementor-element elementor-element-88813fb elementor-section-full_width elementor-section-height-default elementor-section-height-default\" data-id=\"88813fb\" data-element_type=\"section\">\n\t\t\t\t\t\t<div class=\"elementor-container elementor-column-gap-no\">\n\t\t\t\t\t<div class=\"elementor-column elementor-col-100 elementor-top-column elementor-element elementor-element-d1b0495\" data-id=\"d1b0495\" data-element_type=\"column\">\n\t\t\t<div class=\"elementor-widget-wrap elementor-element-populated\">\n\t\t\t\t\t\t\t\t<div class=\"elementor-element elementor-element-262c68f elementor-widget elementor-widget-service_image_thumbnail\" data-id=\"262c68f\" data-element_type=\"widget\" data-widget_type=\"service_image_thumbnail.default\">\n\t\t\t\t<div class=\"elementor-widget-container\">\n\t\t\t \n\t\t<div class=\"blocktitle text-left blocktitle__bottom-size02\">\n\t\t\t<div class=\"blocktitle__subtitle\">SOLU\u00c7\u00d5ES<\/div>\n\t\t\t<div class=\"blocktitle__title\">Barragens<\/div>\n\t\t<\/div>\n\t\t<picture>\n\t\t\t<img width=\"735\" height=\"511\" src=\"https:\/\/hidrologicasolucoes.com.br\/wp-content\/uploads\/2021\/09\/barragens_thumb_novo.jpg\" class=\"attachment-full size-full\" alt=\"\" loading=\"lazy\" \/>\t\t<\/picture>\n\t\t<p class=\"p-indent-top\">\n\t\t\t\t\t<\/p>\n\t\t\t\t<\/div>\n\t\t\t\t<\/div>\n\t\t\t\t<div class=\"elementor-element elementor-element-76d40c9 elementor-widget elementor-widget-toggle\" data-id=\"76d40c9\" data-element_type=\"widget\" data-widget_type=\"toggle.default\">\n\t\t\t\t<div class=\"elementor-widget-container\">\n\t\t\t\t\t<div class=\"elementor-toggle\" role=\"tablist\">\n\t\t\t\t\t\t\t<div class=\"elementor-toggle-item\">\n\t\t\t\t\t<div id=\"elementor-tab-title-1241\" class=\"elementor-tab-title\" data-tab=\"1\" role=\"tab\" aria-controls=\"elementor-tab-content-1241\" aria-expanded=\"false\">\n\t\t\t\t\t\t\t\t\t\t\t\t<span class=\"elementor-toggle-icon elementor-toggle-icon-left\" aria-hidden=\"true\">\n\t\t\t\t\t\t\t\t\t\t\t\t\t\t\t<span class=\"elementor-toggle-icon-closed\"><i class=\"fas fa-caret-right\"><\/i><\/span>\n\t\t\t\t\t\t\t\t<span class=\"elementor-toggle-icon-opened\"><i class=\"elementor-toggle-icon-opened fas fa-caret-up\"><\/i><\/span>\n\t\t\t\t\t\t\t\t\t\t\t\t\t<\/span>\n\t\t\t\t\t\t\t\t\t\t\t\t<a href=\"\" class=\"elementor-toggle-title\">Plano de Seguran\u00e7a de Barragens (PSB)<\/a>\n\t\t\t\t\t<\/div>\n\t\t\t\t\t<div id=\"elementor-tab-content-1241\" class=\"elementor-tab-content elementor-clearfix\" data-tab=\"1\" role=\"tabpanel\" aria-labelledby=\"elementor-tab-title-1241\"><p>O\u00a0PSB\u00a0\u00e9 um instrumento da\u00a0Pol\u00edtica Nacional de Seguran\u00e7a de Barragens (<a href=\"http:\/\/www.planalto.gov.br\/ccivil_03\/_ato2007-2010\/2010\/lei\/l12334.htm\">PNSB<\/a>) de implanta\u00e7\u00e3o obrigat\u00f3ria pelo empreendedor, cujo objetivo principal \u00e9 auxili\u00e1-lo na garantia de padr\u00f5es de seguran\u00e7a da barragem, reduzindo os riscos de acidentes e suas consequ\u00eancias. Desta forma, ele deve ser desenvolvido com todos os dados t\u00e9cnicos da barragem, de constru\u00e7\u00e3o, opera\u00e7\u00e3o, manuten\u00e7\u00e3o e estado atual da seguran\u00e7a.<\/p><\/div>\n\t\t\t\t<\/div>\n\t\t\t\t\t\t\t<div class=\"elementor-toggle-item\">\n\t\t\t\t\t<div id=\"elementor-tab-title-1242\" class=\"elementor-tab-title\" data-tab=\"2\" role=\"tab\" aria-controls=\"elementor-tab-content-1242\" aria-expanded=\"false\">\n\t\t\t\t\t\t\t\t\t\t\t\t<span class=\"elementor-toggle-icon elementor-toggle-icon-left\" aria-hidden=\"true\">\n\t\t\t\t\t\t\t\t\t\t\t\t\t\t\t<span class=\"elementor-toggle-icon-closed\"><i class=\"fas fa-caret-right\"><\/i><\/span>\n\t\t\t\t\t\t\t\t<span class=\"elementor-toggle-icon-opened\"><i class=\"elementor-toggle-icon-opened fas fa-caret-up\"><\/i><\/span>\n\t\t\t\t\t\t\t\t\t\t\t\t\t<\/span>\n\t\t\t\t\t\t\t\t\t\t\t\t<a href=\"\" class=\"elementor-toggle-title\">Plano de A\u00e7\u00e3o de Emerg\u00eancia (PAE)<\/a>\n\t\t\t\t\t<\/div>\n\t\t\t\t\t<div id=\"elementor-tab-content-1242\" class=\"elementor-tab-content elementor-clearfix\" data-tab=\"2\" role=\"tabpanel\" aria-labelledby=\"elementor-tab-title-1242\"><p>O PAE ou PAEBM (para a Ag\u00eancia Nacional de Minera\u00e7\u00e3o) \u00e9 uma ferramenta importante na gest\u00e3o de barragens sendo obrigat\u00f3ria a elabora\u00e7\u00e3o de acordo com a Lei Federal n\u00ba 12.334\/2010 alterada pela 14.066\/2020, que estabelece a Pol\u00edtica Nacional de Seguran\u00e7a de Barragens (PNSB) para todas as estruturas de conten\u00e7\u00e3o de rejeitos, res\u00edduos, sedimentos e\/ou acumula\u00e7\u00e3o de \u00e1gua enquadradas como de alto dano potencial. Seu objetivo \u00e9 apresentar os procedimentos das a\u00e7\u00f5es de resposta frente \u00e0s situa\u00e7\u00f5es emergenciais em barramentos, compat\u00edveis com os cen\u00e1rios acidentais identificados na an\u00e1lise de risco minimizando danos com perdas de vida, \u00e0s propriedades e \u00e0s comunidades a jusante no caso de um eventual sinistro.<\/p><\/div>\n\t\t\t\t<\/div>\n\t\t\t\t\t\t\t<div class=\"elementor-toggle-item\">\n\t\t\t\t\t<div id=\"elementor-tab-title-1243\" class=\"elementor-tab-title\" data-tab=\"3\" role=\"tab\" aria-controls=\"elementor-tab-content-1243\" aria-expanded=\"false\">\n\t\t\t\t\t\t\t\t\t\t\t\t<span class=\"elementor-toggle-icon elementor-toggle-icon-left\" aria-hidden=\"true\">\n\t\t\t\t\t\t\t\t\t\t\t\t\t\t\t<span class=\"elementor-toggle-icon-closed\"><i class=\"fas fa-caret-right\"><\/i><\/span>\n\t\t\t\t\t\t\t\t<span class=\"elementor-toggle-icon-opened\"><i class=\"elementor-toggle-icon-opened fas fa-caret-up\"><\/i><\/span>\n\t\t\t\t\t\t\t\t\t\t\t\t\t<\/span>\n\t\t\t\t\t\t\t\t\t\t\t\t<a href=\"\" class=\"elementor-toggle-title\">Plano ambiental de conserva\u00e7\u00e3o e uso no entorno de reservat\u00f3rio artificial-PACUERA<\/a>\n\t\t\t\t\t<\/div>\n\t\t\t\t\t<div id=\"elementor-tab-content-1243\" class=\"elementor-tab-content elementor-clearfix\" data-tab=\"3\" role=\"tabpanel\" aria-labelledby=\"elementor-tab-title-1243\"><p>Este plano visa disciplinar a conserva\u00e7\u00e3o, recupera\u00e7\u00e3o, o uso e ocupa\u00e7\u00e3o do entorno de reservat\u00f3rios artificiais. \u00c9 atrav\u00e9s dele que se estabelecem mecanismos que viabilizam o uso ambiental adequado do empreendimento, onde procura-se harmonizar as atividades antr\u00f3picas e prote\u00e7\u00e3o ambiental.<\/p><\/div>\n\t\t\t\t<\/div>\n\t\t\t\t\t\t\t<div class=\"elementor-toggle-item\">\n\t\t\t\t\t<div id=\"elementor-tab-title-1244\" class=\"elementor-tab-title\" data-tab=\"4\" role=\"tab\" aria-controls=\"elementor-tab-content-1244\" aria-expanded=\"false\">\n\t\t\t\t\t\t\t\t\t\t\t\t<span class=\"elementor-toggle-icon elementor-toggle-icon-left\" aria-hidden=\"true\">\n\t\t\t\t\t\t\t\t\t\t\t\t\t\t\t<span class=\"elementor-toggle-icon-closed\"><i class=\"fas fa-caret-right\"><\/i><\/span>\n\t\t\t\t\t\t\t\t<span class=\"elementor-toggle-icon-opened\"><i class=\"elementor-toggle-icon-opened fas fa-caret-up\"><\/i><\/span>\n\t\t\t\t\t\t\t\t\t\t\t\t\t<\/span>\n\t\t\t\t\t\t\t\t\t\t\t\t<a href=\"\" class=\"elementor-toggle-title\">Estudos hidrol\u00f3gicos para compor EIA\/RIMA<\/a>\n\t\t\t\t\t<\/div>\n\t\t\t\t\t<div id=\"elementor-tab-content-1244\" class=\"elementor-tab-content elementor-clearfix\" data-tab=\"4\" role=\"tabpanel\" aria-labelledby=\"elementor-tab-title-1244\"><p>Busca atender aos requisitos legais que comp\u00f5em os Estudos de Impactos Ambientais (EIA) e Relat\u00f3rios de Impactos Ambientais (RIMA) de empreendimentos relacionados ao planejamento, dimensionamento, constru\u00e7\u00e3o e opera\u00e7\u00e3o de obras hidr\u00e1ulicas de qualquer natureza.<\/p><\/div>\n\t\t\t\t<\/div>\n\t\t\t\t\t\t\t\t<\/div>\n\t\t\t\t<\/div>\n\t\t\t\t<\/div>\n\t\t\t\t<div class=\"elementor-element elementor-element-a1e1dba elementor-widget elementor-widget-spacer\" data-id=\"a1e1dba\" data-element_type=\"widget\" data-widget_type=\"spacer.default\">\n\t\t\t\t<div class=\"elementor-widget-container\">\n\t\t\t\t\t<div class=\"elementor-spacer\">\n\t\t\t<div class=\"elementor-spacer-inner\"><\/div>\n\t\t<\/div>\n\t\t\t\t<\/div>\n\t\t\t\t<\/div>\n\t\t\t\t\t<\/div>\n\t\t<\/div>\n\t\t\t\t\t\t\t<\/div>\n\t\t<\/section>\n\t\t\t\t\t\t<\/div>\n\t\t\t\t\t<\/div>\n\t\t","protected":false},"excerpt":{"rendered":"<p>SOLU\u00c7\u00d5ES Barragens Plano de Seguran\u00e7a de Barragens (PSB) O\u00a0PSB\u00a0\u00e9 um instrumento da\u00a0Pol\u00edtica Nacional de Seguran\u00e7a de Barragens (PNSB) de implanta\u00e7\u00e3o obrigat\u00f3ria pelo empreendedor, cujo objetivo principal \u00e9 auxili\u00e1-lo na garantia de padr\u00f5es de seguran\u00e7a da barragem, reduzindo os riscos de acidentes e suas consequ\u00eancias. Desta forma, ele deve ser desenvolvido com todos os dados t\u00e9cnicos [&hellip;]<\/p>\n","protected":false},"author":2,"featured_media":0,"parent":347,"menu_order":0,"comment_status":"closed","ping_status":"closed","template":"","meta":[],"_links":{"self":[{"href":"https:\/\/hidrologicasolucoes.com.br\/index.php\/wp-json\/wp\/v2\/pages\/2467"}],"collection":[{"href":"https:\/\/hidrologicasolucoes.com.br\/index.php\/wp-json\/wp\/v2\/pages"}],"about":[{"href":"https:\/\/hidrologicasolucoes.com.br\/index.php\/wp-json\/wp\/v2\/types\/page"}],"author":[{"embeddable":true,"href":"https:\/\/hidrologicasolucoes.com.br\/index.php\/wp-json\/wp\/v2\/users\/2"}],"replies":[{"embeddable":true,"href":"https:\/\/hidrologicasolucoes.com.br\/index.php\/wp-json\/wp\/v2\/comments?post=2467"}],"version-history":[{"count":16,"href":"https:\/\/hidrologicasolucoes.com.br\/index.php\/wp-json\/wp\/v2\/pages\/2467\/revisions"}],"predecessor-version":[{"id":3061,"href":"https:\/\/hidrologicasolucoes.com.br\/index.php\/wp-json\/wp\/v2\/pages\/2467\/revisions\/3061"}],"up":[{"embeddable":true,"href":"https:\/\/hidrologicasolucoes.com.br\/index.php\/wp-json\/wp\/v2\/pages\/347"}],"wp:attachment":[{"href":"https:\/\/hidrologicasolucoes.com.br\/index.php\/wp-json\/wp\/v2\/media?parent=2467"}],"curies":[{"name":"wp","href":"https:\/\/api.w.org\/{rel}","templated":true}]}}