{"id":2491,"date":"2021-07-08T19:05:05","date_gmt":"2021-07-08T19:05:05","guid":{"rendered":"https:\/\/hidrologicasolucoes.com.br\/?page_id=2491"},"modified":"2021-10-18T14:10:48","modified_gmt":"2021-10-18T14:10:48","slug":"planejamento-e-gestao-de-recursos-hidricos","status":"publish","type":"page","link":"https:\/\/hidrologicasolucoes.com.br\/index.php\/solucoes\/planejamento-e-gestao-de-recursos-hidricos\/","title":{"rendered":"Planejamento e gest\u00e3o de recursos h\u00eddricos"},"content":{"rendered":"\t\t<div data-elementor-type=\"wp-page\" data-elementor-id=\"2491\" class=\"elementor elementor-2491\" data-elementor-settings=\"[]\">\n\t\t\t\t\t\t\t<div class=\"elementor-section-wrap\">\n\t\t\t\t\t\t\t<section class=\"elementor-section elementor-top-section elementor-element elementor-element-88813fb elementor-section-full_width elementor-section-height-default elementor-section-height-default\" data-id=\"88813fb\" data-element_type=\"section\">\n\t\t\t\t\t\t<div class=\"elementor-container elementor-column-gap-no\">\n\t\t\t\t\t<div class=\"elementor-column elementor-col-100 elementor-top-column elementor-element elementor-element-d1b0495\" data-id=\"d1b0495\" data-element_type=\"column\">\n\t\t\t<div class=\"elementor-widget-wrap elementor-element-populated\">\n\t\t\t\t\t\t\t\t<div class=\"elementor-element elementor-element-262c68f elementor-widget elementor-widget-service_image_thumbnail\" data-id=\"262c68f\" data-element_type=\"widget\" data-widget_type=\"service_image_thumbnail.default\">\n\t\t\t\t<div class=\"elementor-widget-container\">\n\t\t\t \n\t\t<div class=\"blocktitle text-left blocktitle__bottom-size02\">\n\t\t\t<div class=\"blocktitle__subtitle\">SOLU\u00c7\u00d5ES<\/div>\n\t\t\t<div class=\"blocktitle__title\">Planejamento e gest\u00e3o de recursos h\u00eddricos <\/div>\n\t\t<\/div>\n\t\t<picture>\n\t\t\t<img width=\"735\" height=\"511\" src=\"https:\/\/hidrologicasolucoes.com.br\/wp-content\/uploads\/2021\/09\/gestao_thumb_novo.jpg\" class=\"attachment-full size-full\" alt=\"\" loading=\"lazy\" \/>\t\t<\/picture>\n\t\t<p class=\"p-indent-top\">\n\t\t\t\t\t<\/p>\n\t\t\t\t<\/div>\n\t\t\t\t<\/div>\n\t\t\t\t<div class=\"elementor-element elementor-element-179b8dc elementor-widget elementor-widget-toggle\" data-id=\"179b8dc\" data-element_type=\"widget\" data-widget_type=\"toggle.default\">\n\t\t\t\t<div class=\"elementor-widget-container\">\n\t\t\t\t\t<div class=\"elementor-toggle\" role=\"tablist\">\n\t\t\t\t\t\t\t<div class=\"elementor-toggle-item\">\n\t\t\t\t\t<div id=\"elementor-tab-title-2471\" class=\"elementor-tab-title\" data-tab=\"1\" role=\"tab\" aria-controls=\"elementor-tab-content-2471\" aria-expanded=\"false\">\n\t\t\t\t\t\t\t\t\t\t\t\t<span class=\"elementor-toggle-icon elementor-toggle-icon-left\" aria-hidden=\"true\">\n\t\t\t\t\t\t\t\t\t\t\t\t\t\t\t<span class=\"elementor-toggle-icon-closed\"><i class=\"fas fa-caret-right\"><\/i><\/span>\n\t\t\t\t\t\t\t\t<span class=\"elementor-toggle-icon-opened\"><i class=\"elementor-toggle-icon-opened fas fa-caret-up\"><\/i><\/span>\n\t\t\t\t\t\t\t\t\t\t\t\t\t<\/span>\n\t\t\t\t\t\t\t\t\t\t\t\t<a href=\"\" class=\"elementor-toggle-title\">Estudo integrado de bacias hidrogr\u00e1ficas \u2013 EIBH<\/a>\n\t\t\t\t\t<\/div>\n\t\t\t\t\t<div id=\"elementor-tab-content-2471\" class=\"elementor-tab-content elementor-clearfix\" data-tab=\"1\" role=\"tabpanel\" aria-labelledby=\"elementor-tab-title-2471\"><p>O EIBH \u00e9 mais um instrumento de planejamento de recursos h\u00eddricos que pode ser exigido pelos \u00f3rg\u00e3os ambientais ou pelo pr\u00f3prio Minist\u00e9rio P\u00fablico (MP) de forma a integrar o processo de licenciamento ambiental. Seu objetivo \u00e9 determinar os impactos que potencialmente podem ocorrer atrav\u00e9s do desenvolvimento de atividades antr\u00f3picas e implanta\u00e7\u00e3o de empreendimentos m\u00faltiplos no contexto de uma bacia hidrogr\u00e1fica.<\/p><\/div>\n\t\t\t\t<\/div>\n\t\t\t\t\t\t\t<div class=\"elementor-toggle-item\">\n\t\t\t\t\t<div id=\"elementor-tab-title-2472\" class=\"elementor-tab-title\" data-tab=\"2\" role=\"tab\" aria-controls=\"elementor-tab-content-2472\" aria-expanded=\"false\">\n\t\t\t\t\t\t\t\t\t\t\t\t<span class=\"elementor-toggle-icon elementor-toggle-icon-left\" aria-hidden=\"true\">\n\t\t\t\t\t\t\t\t\t\t\t\t\t\t\t<span class=\"elementor-toggle-icon-closed\"><i class=\"fas fa-caret-right\"><\/i><\/span>\n\t\t\t\t\t\t\t\t<span class=\"elementor-toggle-icon-opened\"><i class=\"elementor-toggle-icon-opened fas fa-caret-up\"><\/i><\/span>\n\t\t\t\t\t\t\t\t\t\t\t\t\t<\/span>\n\t\t\t\t\t\t\t\t\t\t\t\t<a href=\"\" class=\"elementor-toggle-title\">Diagn\u00f3sticos e progn\u00f3sticos do uso da \u00e1gua<\/a>\n\t\t\t\t\t<\/div>\n\t\t\t\t\t<div id=\"elementor-tab-content-2472\" class=\"elementor-tab-content elementor-clearfix\" data-tab=\"2\" role=\"tabpanel\" aria-labelledby=\"elementor-tab-title-2472\"><p>Estes relat\u00f3rios s\u00e3o fundamentais para o enquadramento dos corpos d\u2019\u00e1gua em classes de uso, bem como aos planos de recursos h\u00eddricos (PRH). Eles subsidiam o planejamento das bacias hidrogr\u00e1ficas por meio da proposi\u00e7\u00e3o de a\u00e7\u00f5es para a melhoria da qualidade e quantidade da \u00e1gua.<\/p><\/div>\n\t\t\t\t<\/div>\n\t\t\t\t\t\t\t<div class=\"elementor-toggle-item\">\n\t\t\t\t\t<div id=\"elementor-tab-title-2473\" class=\"elementor-tab-title\" data-tab=\"3\" role=\"tab\" aria-controls=\"elementor-tab-content-2473\" aria-expanded=\"false\">\n\t\t\t\t\t\t\t\t\t\t\t\t<span class=\"elementor-toggle-icon elementor-toggle-icon-left\" aria-hidden=\"true\">\n\t\t\t\t\t\t\t\t\t\t\t\t\t\t\t<span class=\"elementor-toggle-icon-closed\"><i class=\"fas fa-caret-right\"><\/i><\/span>\n\t\t\t\t\t\t\t\t<span class=\"elementor-toggle-icon-opened\"><i class=\"elementor-toggle-icon-opened fas fa-caret-up\"><\/i><\/span>\n\t\t\t\t\t\t\t\t\t\t\t\t\t<\/span>\n\t\t\t\t\t\t\t\t\t\t\t\t<a href=\"\" class=\"elementor-toggle-title\">Outorga de direito de uso dos recursos h\u00eddricos<\/a>\n\t\t\t\t\t<\/div>\n\t\t\t\t\t<div id=\"elementor-tab-content-2473\" class=\"elementor-tab-content elementor-clearfix\" data-tab=\"3\" role=\"tabpanel\" aria-labelledby=\"elementor-tab-title-2473\"><p>A outorga \u00e9 um dos instrumentos da\u00a0<a href=\"http:\/\/www.planalto.gov.br\/ccivil_03\/leis\/l9433.htm\">Lei 9.433\/97<\/a>\u00a0e trata-se de um processo obrigat\u00f3rio\u00a0para direito de uso. Sua aplica\u00e7\u00e3o \u00e9 ampla\u00a0e destina-se a ind\u00fastrias, com\u00e9rcios, empreendimentos imobili\u00e1rios, constru\u00e7\u00e3o civil, produtores rurais, ch\u00e1caras, resid\u00eancias e quaisquer outras finalidades que alteram o regime, a quantidade ou a qualidade de um corpo d\u2019\u00e1gua.<\/p><\/div>\n\t\t\t\t<\/div>\n\t\t\t\t\t\t\t<div class=\"elementor-toggle-item\">\n\t\t\t\t\t<div id=\"elementor-tab-title-2474\" class=\"elementor-tab-title\" data-tab=\"4\" role=\"tab\" aria-controls=\"elementor-tab-content-2474\" aria-expanded=\"false\">\n\t\t\t\t\t\t\t\t\t\t\t\t<span class=\"elementor-toggle-icon elementor-toggle-icon-left\" aria-hidden=\"true\">\n\t\t\t\t\t\t\t\t\t\t\t\t\t\t\t<span class=\"elementor-toggle-icon-closed\"><i class=\"fas fa-caret-right\"><\/i><\/span>\n\t\t\t\t\t\t\t\t<span class=\"elementor-toggle-icon-opened\"><i class=\"elementor-toggle-icon-opened fas fa-caret-up\"><\/i><\/span>\n\t\t\t\t\t\t\t\t\t\t\t\t\t<\/span>\n\t\t\t\t\t\t\t\t\t\t\t\t<a href=\"\" class=\"elementor-toggle-title\">Elabora\u00e7\u00e3o de relat\u00f3rio t\u00e9cnico para a requisi\u00e7\u00e3o de outorgas de direito de uso de recursos h\u00eddricos<\/a>\n\t\t\t\t\t<\/div>\n\t\t\t\t\t<div id=\"elementor-tab-content-2474\" class=\"elementor-tab-content elementor-clearfix\" data-tab=\"4\" role=\"tabpanel\" aria-labelledby=\"elementor-tab-title-2474\"><p>Instrumento da Lei 9433\/97, a outorga objetiva assegurar o controle quantitativo e qualitativo dos usos da \u00e1gua, para garantir o efetivo direito de acesso a esse recurso.\u00a0Logo, v\u00e1rios s\u00e3o os usos que est\u00e3o sujeitos \u00e0 outorga e, portanto, precisam ser submetidos \u00e0 aprecia\u00e7\u00e3o do \u00f3rg\u00e3o gestor. Desta forma, \u00e9 imprescind\u00edvel a realiza\u00e7\u00e3o de estudos que atestam a disponibilidade h\u00eddrica, em termos quantitativos e qualitativos, compreendendo abordagens espec\u00edficas e inerentes \u00e0s interfer\u00eancias e \u00e0s finalidades desejadas.\u00a0<\/p><\/div>\n\t\t\t\t<\/div>\n\t\t\t\t\t\t\t<div class=\"elementor-toggle-item\">\n\t\t\t\t\t<div id=\"elementor-tab-title-2475\" class=\"elementor-tab-title\" data-tab=\"5\" role=\"tab\" aria-controls=\"elementor-tab-content-2475\" aria-expanded=\"false\">\n\t\t\t\t\t\t\t\t\t\t\t\t<span class=\"elementor-toggle-icon elementor-toggle-icon-left\" aria-hidden=\"true\">\n\t\t\t\t\t\t\t\t\t\t\t\t\t\t\t<span class=\"elementor-toggle-icon-closed\"><i class=\"fas fa-caret-right\"><\/i><\/span>\n\t\t\t\t\t\t\t\t<span class=\"elementor-toggle-icon-opened\"><i class=\"elementor-toggle-icon-opened fas fa-caret-up\"><\/i><\/span>\n\t\t\t\t\t\t\t\t\t\t\t\t\t<\/span>\n\t\t\t\t\t\t\t\t\t\t\t\t<a href=\"\" class=\"elementor-toggle-title\">Balan\u00e7o h\u00eddrico<\/a>\n\t\t\t\t\t<\/div>\n\t\t\t\t\t<div id=\"elementor-tab-content-2475\" class=\"elementor-tab-content elementor-clearfix\" data-tab=\"5\" role=\"tabpanel\" aria-labelledby=\"elementor-tab-title-2475\"><p>O balan\u00e7o h\u00eddrico se refere \u00e0 quantidade de \u00e1gua que entra e sai de um sistema ambiental (bacia hidrogr\u00e1fica) em determinado tempo. Ele representa o equil\u00edbrio matem\u00e1tico entre os processos dos componentes do ciclo hidrol\u00f3gico (precipita\u00e7\u00e3o, evapora\u00e7\u00e3o, transpira\u00e7\u00e3o, intercepta\u00e7\u00e3o vegetal e escoamento), al\u00e9m das capta\u00e7\u00f5es para uso antr\u00f3pico. Sua realiza\u00e7\u00e3o \u00e9 de extrema import\u00e2ncia no planejamento agr\u00edcola, para o setor energ\u00e9tico e para o abastecimento de \u00e1gua, sendo que \u00e9 atrav\u00e9s dele que se verifica a situa\u00e7\u00e3o de disponibilidade h\u00eddrica.<\/p><\/div>\n\t\t\t\t<\/div>\n\t\t\t\t\t\t\t<div class=\"elementor-toggle-item\">\n\t\t\t\t\t<div id=\"elementor-tab-title-2476\" class=\"elementor-tab-title\" data-tab=\"6\" role=\"tab\" aria-controls=\"elementor-tab-content-2476\" aria-expanded=\"false\">\n\t\t\t\t\t\t\t\t\t\t\t\t<span class=\"elementor-toggle-icon elementor-toggle-icon-left\" aria-hidden=\"true\">\n\t\t\t\t\t\t\t\t\t\t\t\t\t\t\t<span class=\"elementor-toggle-icon-closed\"><i class=\"fas fa-caret-right\"><\/i><\/span>\n\t\t\t\t\t\t\t\t<span class=\"elementor-toggle-icon-opened\"><i class=\"elementor-toggle-icon-opened fas fa-caret-up\"><\/i><\/span>\n\t\t\t\t\t\t\t\t\t\t\t\t\t<\/span>\n\t\t\t\t\t\t\t\t\t\t\t\t<a href=\"\" class=\"elementor-toggle-title\">Plano de preserva\u00e7\u00e3o e recupera\u00e7\u00e3o de nascentes<\/a>\n\t\t\t\t\t<\/div>\n\t\t\t\t\t<div id=\"elementor-tab-content-2476\" class=\"elementor-tab-content elementor-clearfix\" data-tab=\"6\" role=\"tabpanel\" aria-labelledby=\"elementor-tab-title-2476\"><p>A preserva\u00e7\u00e3o e a recupera\u00e7\u00e3o de uma nascente t\u00eam, por objetivo, restabelecer as caracter\u00edsticas f\u00edsicas, qu\u00edmicas e biol\u00f3gicas, e, consequentemente, sua capacidade produtiva. Para isso, muitas vezes \u00e9 preciso realizar interfer\u00eancias antr\u00f3picas para atenuar os impactos relacionados \u00e0s diferentes atividades, sobretudo \u00e0quelas que interferem na produ\u00e7\u00e3o de recursos h\u00eddricos superficiais e subterr\u00e2neos, tendo em vista a minimiza\u00e7\u00e3o de gastos futuros com a recupera\u00e7\u00e3o destas \u00e1reas.<\/p><\/div>\n\t\t\t\t<\/div>\n\t\t\t\t\t\t\t<div class=\"elementor-toggle-item\">\n\t\t\t\t\t<div id=\"elementor-tab-title-2477\" class=\"elementor-tab-title\" data-tab=\"7\" role=\"tab\" aria-controls=\"elementor-tab-content-2477\" aria-expanded=\"false\">\n\t\t\t\t\t\t\t\t\t\t\t\t<span class=\"elementor-toggle-icon elementor-toggle-icon-left\" aria-hidden=\"true\">\n\t\t\t\t\t\t\t\t\t\t\t\t\t\t\t<span class=\"elementor-toggle-icon-closed\"><i class=\"fas fa-caret-right\"><\/i><\/span>\n\t\t\t\t\t\t\t\t<span class=\"elementor-toggle-icon-opened\"><i class=\"elementor-toggle-icon-opened fas fa-caret-up\"><\/i><\/span>\n\t\t\t\t\t\t\t\t\t\t\t\t\t<\/span>\n\t\t\t\t\t\t\t\t\t\t\t\t<a href=\"\" class=\"elementor-toggle-title\">Elabora\u00e7\u00e3o do plano de controle de processos erosivos<\/a>\n\t\t\t\t\t<\/div>\n\t\t\t\t\t<div id=\"elementor-tab-content-2477\" class=\"elementor-tab-content elementor-clearfix\" data-tab=\"7\" role=\"tabpanel\" aria-labelledby=\"elementor-tab-title-2477\"><p>Nos \u00faltimos anos, os processos erosivos t\u00eam se intensificado causando grandes preju\u00edzos, onde muitas vezes \u00e9 preciso desenvolver planos de controle de processos erosivos. Nestes planos, as localidades suscet\u00edveis \u00e0 eros\u00e3o s\u00e3o identificadas e caracterizadas para que sejam tomadas medidas corretivas e mitigadoras, buscando a estabiliza\u00e7\u00e3o destas \u00e1reas fragilizadas. Al\u00e9m disso, o plano contempla medidas preventivas para conter novas ocorr\u00eancias.<\/p><\/div>\n\t\t\t\t<\/div>\n\t\t\t\t\t\t\t<div class=\"elementor-toggle-item\">\n\t\t\t\t\t<div id=\"elementor-tab-title-2478\" class=\"elementor-tab-title\" data-tab=\"8\" role=\"tab\" aria-controls=\"elementor-tab-content-2478\" aria-expanded=\"false\">\n\t\t\t\t\t\t\t\t\t\t\t\t<span class=\"elementor-toggle-icon elementor-toggle-icon-left\" aria-hidden=\"true\">\n\t\t\t\t\t\t\t\t\t\t\t\t\t\t\t<span class=\"elementor-toggle-icon-closed\"><i class=\"fas fa-caret-right\"><\/i><\/span>\n\t\t\t\t\t\t\t\t<span class=\"elementor-toggle-icon-opened\"><i class=\"elementor-toggle-icon-opened fas fa-caret-up\"><\/i><\/span>\n\t\t\t\t\t\t\t\t\t\t\t\t\t<\/span>\n\t\t\t\t\t\t\t\t\t\t\t\t<a href=\"\" class=\"elementor-toggle-title\">Estudo de aproveitamento de recursos h\u00eddricos para uso m\u00faltiplo da \u00e1gua<\/a>\n\t\t\t\t\t<\/div>\n\t\t\t\t\t<div id=\"elementor-tab-content-2478\" class=\"elementor-tab-content elementor-clearfix\" data-tab=\"8\" role=\"tabpanel\" aria-labelledby=\"elementor-tab-title-2478\"><p>A Pol\u00edtica Nacional de Recursos H\u00eddricos defende a prioriza\u00e7\u00e3o dos usos m\u00faltiplos da \u00e1gua no contexto da gest\u00e3o dos recursos h\u00eddricos, de modo a minimizar os conflitos e racionalizar a utiliza\u00e7\u00e3o dos recursos dispon\u00edveis. Desta forma, com prop\u00f3sito de caracterizar uma bacia hidrogr\u00e1fica frente aos m\u00faltiplos usos da \u00e1gua, \u00e9 preciso abordar de forma sistem\u00e1tica, a an\u00e1lise\u00a0quali-quantitativa dos usos existentes, a estimativa da demanda e disponibilidade h\u00eddrica, a defini\u00e7\u00e3o de vaz\u00f5es de refer\u00eancia, balan\u00e7o h\u00eddrico e a identifica\u00e7\u00e3o de conflitos.\u00a0<\/p><\/div>\n\t\t\t\t<\/div>\n\t\t\t\t\t\t\t<div class=\"elementor-toggle-item\">\n\t\t\t\t\t<div id=\"elementor-tab-title-2479\" class=\"elementor-tab-title\" data-tab=\"9\" role=\"tab\" aria-controls=\"elementor-tab-content-2479\" aria-expanded=\"false\">\n\t\t\t\t\t\t\t\t\t\t\t\t<span class=\"elementor-toggle-icon elementor-toggle-icon-left\" aria-hidden=\"true\">\n\t\t\t\t\t\t\t\t\t\t\t\t\t\t\t<span class=\"elementor-toggle-icon-closed\"><i class=\"fas fa-caret-right\"><\/i><\/span>\n\t\t\t\t\t\t\t\t<span class=\"elementor-toggle-icon-opened\"><i class=\"elementor-toggle-icon-opened fas fa-caret-up\"><\/i><\/span>\n\t\t\t\t\t\t\t\t\t\t\t\t\t<\/span>\n\t\t\t\t\t\t\t\t\t\t\t\t<a href=\"\" class=\"elementor-toggle-title\">Plano de Gest\u00e3o de Recursos H\u00eddricos \u2013 PGRH<\/a>\n\t\t\t\t\t<\/div>\n\t\t\t\t\t<div id=\"elementor-tab-content-2479\" class=\"elementor-tab-content elementor-clearfix\" data-tab=\"9\" role=\"tabpanel\" aria-labelledby=\"elementor-tab-title-2479\"><p>O PRH \u00e9 um dos instrumentos de gest\u00e3o da PNRH que compreende o diagn\u00f3stico e as a\u00e7\u00f5es a serem realizadas para o gerenciamento, recupera\u00e7\u00e3o e preserva\u00e7\u00e3o dos recursos h\u00eddricos. Os planos combinam uma ampla an\u00e1lise das condi\u00e7\u00f5es atuais, de proje\u00e7\u00f5es das possibilidades futuras e da realidade socioecon\u00f4mica da regi\u00e3o em que se localiza o recurso h\u00eddrico, superficial ou subterr\u00e2neo, permitindo estabelecer um conjunto de a\u00e7\u00f5es de curto, m\u00e9dio e longo prazo para solucionar os problemas existentes e prevenir problemas futuros relacionados \u00e0 \u00e1gua.<\/p><\/div>\n\t\t\t\t<\/div>\n\t\t\t\t\t\t\t<div class=\"elementor-toggle-item\">\n\t\t\t\t\t<div id=\"elementor-tab-title-24710\" class=\"elementor-tab-title\" data-tab=\"10\" role=\"tab\" aria-controls=\"elementor-tab-content-24710\" aria-expanded=\"false\">\n\t\t\t\t\t\t\t\t\t\t\t\t<span class=\"elementor-toggle-icon elementor-toggle-icon-left\" aria-hidden=\"true\">\n\t\t\t\t\t\t\t\t\t\t\t\t\t\t\t<span class=\"elementor-toggle-icon-closed\"><i class=\"fas fa-caret-right\"><\/i><\/span>\n\t\t\t\t\t\t\t\t<span class=\"elementor-toggle-icon-opened\"><i class=\"elementor-toggle-icon-opened fas fa-caret-up\"><\/i><\/span>\n\t\t\t\t\t\t\t\t\t\t\t\t\t<\/span>\n\t\t\t\t\t\t\t\t\t\t\t\t<a href=\"\" class=\"elementor-toggle-title\">Plano Diretor de Recursos H\u00eddricos \u2013 PDRH<\/a>\n\t\t\t\t\t<\/div>\n\t\t\t\t\t<div id=\"elementor-tab-content-24710\" class=\"elementor-tab-content elementor-clearfix\" data-tab=\"10\" role=\"tabpanel\" aria-labelledby=\"elementor-tab-title-24710\"><p>O PDRH \u00e9 um instrumento de gest\u00e3o institu\u00eddo pela Lei 9433\/97 e \u00e9 elaborado para caracterizar os aspectos socioecon\u00f4micos e ambientais de uma bacia hidrogr\u00e1fica, os usos da \u00e1gua existentes, al\u00e9m da disponibilidade e demanda h\u00eddrica.\u00a0Este plano \u00e9 elaborado a partir de um diagn\u00f3stico da bacia, onde \u00e9 apresentado alternativas quanto ao uso da \u00e1gua e m\u00e9todos de preserva\u00e7\u00e3o e conserva\u00e7\u00e3o, objetivando-se estabelecer metas adequadas dentro dos cen\u00e1rios futuros, al\u00e9m de crit\u00e9rios para outorgas e cobran\u00e7as de uso dos recursos h\u00eddricos.<\/p><\/div>\n\t\t\t\t<\/div>\n\t\t\t\t\t\t\t<div class=\"elementor-toggle-item\">\n\t\t\t\t\t<div id=\"elementor-tab-title-24711\" class=\"elementor-tab-title\" data-tab=\"11\" role=\"tab\" aria-controls=\"elementor-tab-content-24711\" aria-expanded=\"false\">\n\t\t\t\t\t\t\t\t\t\t\t\t<span class=\"elementor-toggle-icon elementor-toggle-icon-left\" aria-hidden=\"true\">\n\t\t\t\t\t\t\t\t\t\t\t\t\t\t\t<span class=\"elementor-toggle-icon-closed\"><i class=\"fas fa-caret-right\"><\/i><\/span>\n\t\t\t\t\t\t\t\t<span class=\"elementor-toggle-icon-opened\"><i class=\"elementor-toggle-icon-opened fas fa-caret-up\"><\/i><\/span>\n\t\t\t\t\t\t\t\t\t\t\t\t\t<\/span>\n\t\t\t\t\t\t\t\t\t\t\t\t<a href=\"\" class=\"elementor-toggle-title\">Cadastro Nacional de Usu\u00e1rio de Recursos H\u00eddricos (CNARH \u2013 ANA)<\/a>\n\t\t\t\t\t<\/div>\n\t\t\t\t\t<div id=\"elementor-tab-content-24711\" class=\"elementor-tab-content elementor-clearfix\" data-tab=\"11\" role=\"tabpanel\" aria-labelledby=\"elementor-tab-title-24711\"><p>O CNARH foi desenvolvido pela Ag\u00eancia Nacional de \u00c1guas e Saneamento (ANA) com o objetivo de conhecer a totalidade dos usu\u00e1rios das \u00e1guas em uma bacia. Este cadastro apresenta informa\u00e7\u00f5es da vaz\u00e3o utilizada, local da capta\u00e7\u00e3o, denomina\u00e7\u00e3o do curso d\u2019\u00e1gua, tipo de empreendimento, sua atividade ou a interven\u00e7\u00e3o que pretende realizar. O preenchimento \u00e9 obrigat\u00f3rio para todos que sejam usu\u00e1rios de recursos h\u00eddricos, sujeitos ou n\u00e3o a outorga (Resolu\u00e7\u00e3o ANA n\u00ba. 317\/2003).<\/p><\/div>\n\t\t\t\t<\/div>\n\t\t\t\t\t\t\t<div class=\"elementor-toggle-item\">\n\t\t\t\t\t<div id=\"elementor-tab-title-24712\" class=\"elementor-tab-title\" data-tab=\"12\" role=\"tab\" aria-controls=\"elementor-tab-content-24712\" aria-expanded=\"false\">\n\t\t\t\t\t\t\t\t\t\t\t\t<span class=\"elementor-toggle-icon elementor-toggle-icon-left\" aria-hidden=\"true\">\n\t\t\t\t\t\t\t\t\t\t\t\t\t\t\t<span class=\"elementor-toggle-icon-closed\"><i class=\"fas fa-caret-right\"><\/i><\/span>\n\t\t\t\t\t\t\t\t<span class=\"elementor-toggle-icon-opened\"><i class=\"elementor-toggle-icon-opened fas fa-caret-up\"><\/i><\/span>\n\t\t\t\t\t\t\t\t\t\t\t\t\t<\/span>\n\t\t\t\t\t\t\t\t\t\t\t\t<a href=\"\" class=\"elementor-toggle-title\">Estimativa de demanda h\u00eddrica<\/a>\n\t\t\t\t\t<\/div>\n\t\t\t\t\t<div id=\"elementor-tab-content-24712\" class=\"elementor-tab-content elementor-clearfix\" data-tab=\"12\" role=\"tabpanel\" aria-labelledby=\"elementor-tab-title-24712\"><p>Trata-se de uma an\u00e1lise quantitativa dos recursos h\u00eddricos de uma determinada bacia, auxiliando no processo de gest\u00e3o dos recursos h\u00eddricos pelos \u00f3rg\u00e3os respons\u00e1veis, sendo tamb\u00e9m de extrema import\u00e2ncia para os m\u00faltiplos usu\u00e1rios existentes na bacia. \u00c9 realizada atrav\u00e9s da an\u00e1lise conjunta de dados hist\u00f3ricos de monitoramento, balan\u00e7o h\u00eddrico interanual, e os usos existentes na bacia.<\/p><\/div>\n\t\t\t\t<\/div>\n\t\t\t\t\t\t\t<div class=\"elementor-toggle-item\">\n\t\t\t\t\t<div id=\"elementor-tab-title-24713\" class=\"elementor-tab-title\" data-tab=\"13\" role=\"tab\" aria-controls=\"elementor-tab-content-24713\" aria-expanded=\"false\">\n\t\t\t\t\t\t\t\t\t\t\t\t<span class=\"elementor-toggle-icon elementor-toggle-icon-left\" aria-hidden=\"true\">\n\t\t\t\t\t\t\t\t\t\t\t\t\t\t\t<span class=\"elementor-toggle-icon-closed\"><i class=\"fas fa-caret-right\"><\/i><\/span>\n\t\t\t\t\t\t\t\t<span class=\"elementor-toggle-icon-opened\"><i class=\"elementor-toggle-icon-opened fas fa-caret-up\"><\/i><\/span>\n\t\t\t\t\t\t\t\t\t\t\t\t\t<\/span>\n\t\t\t\t\t\t\t\t\t\t\t\t<a href=\"\" class=\"elementor-toggle-title\">Elabora\u00e7\u00e3o do plano de bacia hidrogr\u00e1fica \u2013 PBH<\/a>\n\t\t\t\t\t<\/div>\n\t\t\t\t\t<div id=\"elementor-tab-content-24713\" class=\"elementor-tab-content elementor-clearfix\" data-tab=\"13\" role=\"tabpanel\" aria-labelledby=\"elementor-tab-title-24713\"><p>O PBH \u00e9 o instrumento que estabelece as refer\u00eancias para gest\u00e3o dos recursos h\u00eddricos, definindo sua melhor forma de utiliza\u00e7\u00e3o para garantir a disponibilidade e a qualidade adequadas para atender aos diferentes usos, estabelecendo medidas para sua prote\u00e7\u00e3o e conserva\u00e7\u00e3o.<\/p><\/div>\n\t\t\t\t<\/div>\n\t\t\t\t\t\t\t<div class=\"elementor-toggle-item\">\n\t\t\t\t\t<div id=\"elementor-tab-title-24714\" class=\"elementor-tab-title\" data-tab=\"14\" role=\"tab\" aria-controls=\"elementor-tab-content-24714\" aria-expanded=\"false\">\n\t\t\t\t\t\t\t\t\t\t\t\t<span class=\"elementor-toggle-icon elementor-toggle-icon-left\" aria-hidden=\"true\">\n\t\t\t\t\t\t\t\t\t\t\t\t\t\t\t<span class=\"elementor-toggle-icon-closed\"><i class=\"fas fa-caret-right\"><\/i><\/span>\n\t\t\t\t\t\t\t\t<span class=\"elementor-toggle-icon-opened\"><i class=\"elementor-toggle-icon-opened fas fa-caret-up\"><\/i><\/span>\n\t\t\t\t\t\t\t\t\t\t\t\t\t<\/span>\n\t\t\t\t\t\t\t\t\t\t\t\t<a href=\"\" class=\"elementor-toggle-title\">Plano de Utiliza\u00e7\u00e3o da \u00c1gua \u2013 PUA<\/a>\n\t\t\t\t\t<\/div>\n\t\t\t\t\t<div id=\"elementor-tab-content-24714\" class=\"elementor-tab-content elementor-clearfix\" data-tab=\"14\" role=\"tabpanel\" aria-labelledby=\"elementor-tab-title-24714\"><p>O CERH atrav\u00e9s da DN n\u00b0 37, de 04 de julho de 2011, define o Plano de Utiliza\u00e7\u00e3o da \u00c1gua \u2013 PUA como: \u201cdocumento que considera o empreendimento na sua totalidade, descrevendo, no m\u00ednimo, os usos de recursos h\u00eddricos n\u00e3o\u00a0consuntivos\u00a0e\u00a0consuntivos, as estruturas destinadas \u00e0 capta\u00e7\u00e3o de \u00e1gua e ao lan\u00e7amento de efluentes, as finalidades de uso e o manejo da \u00e1gua no empreendimento, seu balan\u00e7o h\u00eddrico e suas varia\u00e7\u00f5es ao longo do tempo e, quando couber, as varia\u00e7\u00f5es de disponibilidade h\u00eddrica geradas pelo empreendimento na \u00e1rea de influ\u00eancia direta, os planos de monitoramento da quantidade e qualidade h\u00eddrica, as medidas de mitiga\u00e7\u00e3o de eventuais impactos hidrol\u00f3gicos e as especificidades relativas aos sistemas de rebaixamento de n\u00edvel de \u00e1gua\u201d.<\/p><\/div>\n\t\t\t\t<\/div>\n\t\t\t\t\t\t\t\t<\/div>\n\t\t\t\t<\/div>\n\t\t\t\t<\/div>\n\t\t\t\t<div class=\"elementor-element elementor-element-a1e1dba elementor-widget elementor-widget-spacer\" data-id=\"a1e1dba\" data-element_type=\"widget\" data-widget_type=\"spacer.default\">\n\t\t\t\t<div class=\"elementor-widget-container\">\n\t\t\t\t\t<div class=\"elementor-spacer\">\n\t\t\t<div class=\"elementor-spacer-inner\"><\/div>\n\t\t<\/div>\n\t\t\t\t<\/div>\n\t\t\t\t<\/div>\n\t\t\t\t\t<\/div>\n\t\t<\/div>\n\t\t\t\t\t\t\t<\/div>\n\t\t<\/section>\n\t\t\t\t\t\t<\/div>\n\t\t\t\t\t<\/div>\n\t\t","protected":false},"excerpt":{"rendered":"<p>SOLU\u00c7\u00d5ES Planejamento e gest\u00e3o de recursos h\u00eddricos Estudo integrado de bacias hidrogr\u00e1ficas \u2013 EIBH O EIBH \u00e9 mais um instrumento de planejamento de recursos h\u00eddricos que pode ser exigido pelos \u00f3rg\u00e3os ambientais ou pelo pr\u00f3prio Minist\u00e9rio P\u00fablico (MP) de forma a integrar o processo de licenciamento ambiental. Seu objetivo \u00e9 determinar os impactos que potencialmente [&hellip;]<\/p>\n","protected":false},"author":2,"featured_media":0,"parent":347,"menu_order":0,"comment_status":"closed","ping_status":"closed","template":"","meta":[],"_links":{"self":[{"href":"https:\/\/hidrologicasolucoes.com.br\/index.php\/wp-json\/wp\/v2\/pages\/2491"}],"collection":[{"href":"https:\/\/hidrologicasolucoes.com.br\/index.php\/wp-json\/wp\/v2\/pages"}],"about":[{"href":"https:\/\/hidrologicasolucoes.com.br\/index.php\/wp-json\/wp\/v2\/types\/page"}],"author":[{"embeddable":true,"href":"https:\/\/hidrologicasolucoes.com.br\/index.php\/wp-json\/wp\/v2\/users\/2"}],"replies":[{"embeddable":true,"href":"https:\/\/hidrologicasolucoes.com.br\/index.php\/wp-json\/wp\/v2\/comments?post=2491"}],"version-history":[{"count":19,"href":"https:\/\/hidrologicasolucoes.com.br\/index.php\/wp-json\/wp\/v2\/pages\/2491\/revisions"}],"predecessor-version":[{"id":3115,"href":"https:\/\/hidrologicasolucoes.com.br\/index.php\/wp-json\/wp\/v2\/pages\/2491\/revisions\/3115"}],"up":[{"embeddable":true,"href":"https:\/\/hidrologicasolucoes.com.br\/index.php\/wp-json\/wp\/v2\/pages\/347"}],"wp:attachment":[{"href":"https:\/\/hidrologicasolucoes.com.br\/index.php\/wp-json\/wp\/v2\/media?parent=2491"}],"curies":[{"name":"wp","href":"https:\/\/api.w.org\/{rel}","templated":true}]}}