{"id":2497,"date":"2021-07-08T19:17:34","date_gmt":"2021-07-08T19:17:34","guid":{"rendered":"https:\/\/hidrologicasolucoes.com.br\/?page_id=2497"},"modified":"2021-10-18T14:23:17","modified_gmt":"2021-10-18T14:23:17","slug":"sedimentologia","status":"publish","type":"page","link":"https:\/\/hidrologicasolucoes.com.br\/index.php\/solucoes\/sedimentologia\/","title":{"rendered":"Sedimentologia"},"content":{"rendered":"\t\t<div data-elementor-type=\"wp-page\" data-elementor-id=\"2497\" class=\"elementor elementor-2497\" data-elementor-settings=\"[]\">\n\t\t\t\t\t\t\t<div class=\"elementor-section-wrap\">\n\t\t\t\t\t\t\t<section class=\"elementor-section elementor-top-section elementor-element elementor-element-88813fb elementor-section-full_width elementor-section-height-default elementor-section-height-default\" data-id=\"88813fb\" data-element_type=\"section\">\n\t\t\t\t\t\t<div class=\"elementor-container elementor-column-gap-no\">\n\t\t\t\t\t<div class=\"elementor-column elementor-col-100 elementor-top-column elementor-element elementor-element-d1b0495\" data-id=\"d1b0495\" data-element_type=\"column\">\n\t\t\t<div class=\"elementor-widget-wrap elementor-element-populated\">\n\t\t\t\t\t\t\t\t<div class=\"elementor-element elementor-element-262c68f elementor-widget elementor-widget-service_image_thumbnail\" data-id=\"262c68f\" data-element_type=\"widget\" data-widget_type=\"service_image_thumbnail.default\">\n\t\t\t\t<div class=\"elementor-widget-container\">\n\t\t\t \n\t\t<div class=\"blocktitle text-left blocktitle__bottom-size02\">\n\t\t\t<div class=\"blocktitle__subtitle\">SOLU\u00c7\u00d5ES<\/div>\n\t\t\t<div class=\"blocktitle__title\">Sedimentologia<\/div>\n\t\t<\/div>\n\t\t<picture>\n\t\t\t<img width=\"735\" height=\"511\" src=\"https:\/\/hidrologicasolucoes.com.br\/wp-content\/uploads\/2021\/09\/sedimentologia_thumb_novo.jpg\" class=\"attachment-full size-full\" alt=\"\" loading=\"lazy\" \/>\t\t<\/picture>\n\t\t<p class=\"p-indent-top\">\n\t\t\t\t\t<\/p>\n\t\t\t\t<\/div>\n\t\t\t\t<\/div>\n\t\t\t\t<div class=\"elementor-element elementor-element-a720d52 elementor-widget elementor-widget-toggle\" data-id=\"a720d52\" data-element_type=\"widget\" data-widget_type=\"toggle.default\">\n\t\t\t\t<div class=\"elementor-widget-container\">\n\t\t\t\t\t<div class=\"elementor-toggle\" role=\"tablist\">\n\t\t\t\t\t\t\t<div class=\"elementor-toggle-item\">\n\t\t\t\t\t<div id=\"elementor-tab-title-1751\" class=\"elementor-tab-title\" data-tab=\"1\" role=\"tab\" aria-controls=\"elementor-tab-content-1751\" aria-expanded=\"false\">\n\t\t\t\t\t\t\t\t\t\t\t\t<span class=\"elementor-toggle-icon elementor-toggle-icon-left\" aria-hidden=\"true\">\n\t\t\t\t\t\t\t\t\t\t\t\t\t\t\t<span class=\"elementor-toggle-icon-closed\"><i class=\"fas fa-caret-right\"><\/i><\/span>\n\t\t\t\t\t\t\t\t<span class=\"elementor-toggle-icon-opened\"><i class=\"elementor-toggle-icon-opened fas fa-caret-up\"><\/i><\/span>\n\t\t\t\t\t\t\t\t\t\t\t\t\t<\/span>\n\t\t\t\t\t\t\t\t\t\t\t\t<a href=\"\" class=\"elementor-toggle-title\">Hidrossedimentologia<\/a>\n\t\t\t\t\t<\/div>\n\t\t\t\t\t<div id=\"elementor-tab-content-1751\" class=\"elementor-tab-content elementor-clearfix\" data-tab=\"1\" role=\"tabpanel\" aria-labelledby=\"elementor-tab-title-1751\"><p>A din\u00e2mica do transporte e deposi\u00e7\u00e3o de sedimento em cursos d\u2019\u00e1gua s\u00e3o informa\u00e7\u00f5es de suma import\u00e2ncia para v\u00e1rios empreendimentos que se relacionam com os recursos h\u00eddricos. Estas informa\u00e7\u00f5es s\u00e3o obtidas por meio de servi\u00e7os realizados em campo e apresentadas na forma de relat\u00f3rios detalhados com todos os dados levantados no monitoramento hidrossedimentol\u00f3gico de campo, com as respectivas an\u00e1lises de consist\u00eancia e a determina\u00e7\u00e3o da descarga s\u00f3lida total.<\/p><\/div>\n\t\t\t\t<\/div>\n\t\t\t\t\t\t\t<div class=\"elementor-toggle-item\">\n\t\t\t\t\t<div id=\"elementor-tab-title-1752\" class=\"elementor-tab-title\" data-tab=\"2\" role=\"tab\" aria-controls=\"elementor-tab-content-1752\" aria-expanded=\"false\">\n\t\t\t\t\t\t\t\t\t\t\t\t<span class=\"elementor-toggle-icon elementor-toggle-icon-left\" aria-hidden=\"true\">\n\t\t\t\t\t\t\t\t\t\t\t\t\t\t\t<span class=\"elementor-toggle-icon-closed\"><i class=\"fas fa-caret-right\"><\/i><\/span>\n\t\t\t\t\t\t\t\t<span class=\"elementor-toggle-icon-opened\"><i class=\"elementor-toggle-icon-opened fas fa-caret-up\"><\/i><\/span>\n\t\t\t\t\t\t\t\t\t\t\t\t\t<\/span>\n\t\t\t\t\t\t\t\t\t\t\t\t<a href=\"\" class=\"elementor-toggle-title\">Estudos sedimentol\u00f3gicos<\/a>\n\t\t\t\t\t<\/div>\n\t\t\t\t\t<div id=\"elementor-tab-content-1752\" class=\"elementor-tab-content elementor-clearfix\" data-tab=\"2\" role=\"tabpanel\" aria-labelledby=\"elementor-tab-title-1752\"><p>Os estudos sedimentol\u00f3gicos devem ser realizados quando se quer conhecer o volume e a granulometria dos sedimentos depositados no leito dos cursos d\u2019\u00e1gua ou reservat\u00f3rios. Estes sedimentos podem se originar das margens dos cursos d\u2019\u00e1gua e demais \u00e1reas de contribui\u00e7\u00e3o. Estas informa\u00e7\u00f5es s\u00e3o extremamente importantes em diversos empreendimentos, como os aproveitamos hidrel\u00e9tricos em reservat\u00f3rios artificiais.<\/p><\/div>\n\t\t\t\t<\/div>\n\t\t\t\t\t\t\t<div class=\"elementor-toggle-item\">\n\t\t\t\t\t<div id=\"elementor-tab-title-1753\" class=\"elementor-tab-title\" data-tab=\"3\" role=\"tab\" aria-controls=\"elementor-tab-content-1753\" aria-expanded=\"false\">\n\t\t\t\t\t\t\t\t\t\t\t\t<span class=\"elementor-toggle-icon elementor-toggle-icon-left\" aria-hidden=\"true\">\n\t\t\t\t\t\t\t\t\t\t\t\t\t\t\t<span class=\"elementor-toggle-icon-closed\"><i class=\"fas fa-caret-right\"><\/i><\/span>\n\t\t\t\t\t\t\t\t<span class=\"elementor-toggle-icon-opened\"><i class=\"elementor-toggle-icon-opened fas fa-caret-up\"><\/i><\/span>\n\t\t\t\t\t\t\t\t\t\t\t\t\t<\/span>\n\t\t\t\t\t\t\t\t\t\t\t\t<a href=\"\" class=\"elementor-toggle-title\">C\u00e1lculo de vida \u00fatil de reservat\u00f3rios<\/a>\n\t\t\t\t\t<\/div>\n\t\t\t\t\t<div id=\"elementor-tab-content-1753\" class=\"elementor-tab-content elementor-clearfix\" data-tab=\"3\" role=\"tabpanel\" aria-labelledby=\"elementor-tab-title-1753\"><p>Os reservat\u00f3rios artificiais s\u00e3o estruturas para atender v\u00e1rios usos m\u00faltiplos da \u00e1gua, como abastecimento p\u00fablico, gera\u00e7\u00e3o de energia e tratamento de esgoto. Estas estruturas hidr\u00e1ulicas s\u00e3o projetadas com base em demandas atuais e futuras, e tem sua vida \u00fatil afetada pela produ\u00e7\u00e3o e transporte de sedimentos das \u00e1reas de contribui\u00e7\u00e3o. Assim, busca-se com este servi\u00e7o apresentar ao empreendedor um planejamento da utiliza\u00e7\u00e3o destes reservat\u00f3rios.<\/p><\/div>\n\t\t\t\t<\/div>\n\t\t\t\t\t\t\t<div class=\"elementor-toggle-item\">\n\t\t\t\t\t<div id=\"elementor-tab-title-1754\" class=\"elementor-tab-title\" data-tab=\"4\" role=\"tab\" aria-controls=\"elementor-tab-content-1754\" aria-expanded=\"false\">\n\t\t\t\t\t\t\t\t\t\t\t\t<span class=\"elementor-toggle-icon elementor-toggle-icon-left\" aria-hidden=\"true\">\n\t\t\t\t\t\t\t\t\t\t\t\t\t\t\t<span class=\"elementor-toggle-icon-closed\"><i class=\"fas fa-caret-right\"><\/i><\/span>\n\t\t\t\t\t\t\t\t<span class=\"elementor-toggle-icon-opened\"><i class=\"elementor-toggle-icon-opened fas fa-caret-up\"><\/i><\/span>\n\t\t\t\t\t\t\t\t\t\t\t\t\t<\/span>\n\t\t\t\t\t\t\t\t\t\t\t\t<a href=\"\" class=\"elementor-toggle-title\">Estudo hidrossedimentol\u00f3gico de reservat\u00f3rios<\/a>\n\t\t\t\t\t<\/div>\n\t\t\t\t\t<div id=\"elementor-tab-content-1754\" class=\"elementor-tab-content elementor-clearfix\" data-tab=\"4\" role=\"tabpanel\" aria-labelledby=\"elementor-tab-title-1754\"><p>Nos reservat\u00f3rios, a din\u00e2mica hidrossedimentol\u00f3gica \u00e9 alterada, principalmente, pelo amortecimento da velocidade de escoamento da \u00e1gua, o que reduz a energia necess\u00e1ria para o transporte dos sedimentos e favorece a deposi\u00e7\u00e3o. Assim, por meio de metodologias e softwares espec\u00edficos, pode-se desenvolver estudos referentes ao assoreamento de reservat\u00f3rios, nos quais verifica-se a distribui\u00e7\u00e3o temporal e espacial dos sedimentos.<\/p><\/div>\n\t\t\t\t<\/div>\n\t\t\t\t\t\t\t<div class=\"elementor-toggle-item\">\n\t\t\t\t\t<div id=\"elementor-tab-title-1755\" class=\"elementor-tab-title\" data-tab=\"5\" role=\"tab\" aria-controls=\"elementor-tab-content-1755\" aria-expanded=\"false\">\n\t\t\t\t\t\t\t\t\t\t\t\t<span class=\"elementor-toggle-icon elementor-toggle-icon-left\" aria-hidden=\"true\">\n\t\t\t\t\t\t\t\t\t\t\t\t\t\t\t<span class=\"elementor-toggle-icon-closed\"><i class=\"fas fa-caret-right\"><\/i><\/span>\n\t\t\t\t\t\t\t\t<span class=\"elementor-toggle-icon-opened\"><i class=\"elementor-toggle-icon-opened fas fa-caret-up\"><\/i><\/span>\n\t\t\t\t\t\t\t\t\t\t\t\t\t<\/span>\n\t\t\t\t\t\t\t\t\t\t\t\t<a href=\"\" class=\"elementor-toggle-title\">Simula\u00e7\u00e3o de Produ\u00e7\u00e3o e Transporte de Sedimentos<\/a>\n\t\t\t\t\t<\/div>\n\t\t\t\t\t<div id=\"elementor-tab-content-1755\" class=\"elementor-tab-content elementor-clearfix\" data-tab=\"5\" role=\"tabpanel\" aria-labelledby=\"elementor-tab-title-1755\"><p>As atividades empresariais que se relacionam com os recursos h\u00eddricos s\u00e3o fortemente influenciadas com as quest\u00f5es clim\u00e1ticas e dos usos e ocupa\u00e7\u00e3o do solo. Logo, a principal vantagem da simula\u00e7\u00e3o matem\u00e1tica e computacional \u00e9 apresentar aos clientes um progn\u00f3stico por meio da modifica\u00e7\u00e3o de cen\u00e1rios futuros de uso e ocupa\u00e7\u00e3o do solo, ou da ocorr\u00eancia de condi\u00e7\u00f5es clim\u00e1ticas extremas.<\/p><\/div>\n\t\t\t\t<\/div>\n\t\t\t\t\t\t\t\t<\/div>\n\t\t\t\t<\/div>\n\t\t\t\t<\/div>\n\t\t\t\t<div class=\"elementor-element elementor-element-a1e1dba elementor-widget elementor-widget-spacer\" data-id=\"a1e1dba\" data-element_type=\"widget\" data-widget_type=\"spacer.default\">\n\t\t\t\t<div class=\"elementor-widget-container\">\n\t\t\t\t\t<div class=\"elementor-spacer\">\n\t\t\t<div class=\"elementor-spacer-inner\"><\/div>\n\t\t<\/div>\n\t\t\t\t<\/div>\n\t\t\t\t<\/div>\n\t\t\t\t\t<\/div>\n\t\t<\/div>\n\t\t\t\t\t\t\t<\/div>\n\t\t<\/section>\n\t\t\t\t\t\t<\/div>\n\t\t\t\t\t<\/div>\n\t\t","protected":false},"excerpt":{"rendered":"<p>SOLU\u00c7\u00d5ES Sedimentologia Hidrossedimentologia A din\u00e2mica do transporte e deposi\u00e7\u00e3o de sedimento em cursos d\u2019\u00e1gua s\u00e3o informa\u00e7\u00f5es de suma import\u00e2ncia para v\u00e1rios empreendimentos que se relacionam com os recursos h\u00eddricos. Estas informa\u00e7\u00f5es s\u00e3o obtidas por meio de servi\u00e7os realizados em campo e apresentadas na forma de relat\u00f3rios detalhados com todos os dados levantados no monitoramento hidrossedimentol\u00f3gico [&hellip;]<\/p>\n","protected":false},"author":2,"featured_media":0,"parent":347,"menu_order":0,"comment_status":"closed","ping_status":"closed","template":"","meta":[],"_links":{"self":[{"href":"https:\/\/hidrologicasolucoes.com.br\/index.php\/wp-json\/wp\/v2\/pages\/2497"}],"collection":[{"href":"https:\/\/hidrologicasolucoes.com.br\/index.php\/wp-json\/wp\/v2\/pages"}],"about":[{"href":"https:\/\/hidrologicasolucoes.com.br\/index.php\/wp-json\/wp\/v2\/types\/page"}],"author":[{"embeddable":true,"href":"https:\/\/hidrologicasolucoes.com.br\/index.php\/wp-json\/wp\/v2\/users\/2"}],"replies":[{"embeddable":true,"href":"https:\/\/hidrologicasolucoes.com.br\/index.php\/wp-json\/wp\/v2\/comments?post=2497"}],"version-history":[{"count":16,"href":"https:\/\/hidrologicasolucoes.com.br\/index.php\/wp-json\/wp\/v2\/pages\/2497\/revisions"}],"predecessor-version":[{"id":3124,"href":"https:\/\/hidrologicasolucoes.com.br\/index.php\/wp-json\/wp\/v2\/pages\/2497\/revisions\/3124"}],"up":[{"embeddable":true,"href":"https:\/\/hidrologicasolucoes.com.br\/index.php\/wp-json\/wp\/v2\/pages\/347"}],"wp:attachment":[{"href":"https:\/\/hidrologicasolucoes.com.br\/index.php\/wp-json\/wp\/v2\/media?parent=2497"}],"curies":[{"name":"wp","href":"https:\/\/api.w.org\/{rel}","templated":true}]}}