{"id":2499,"date":"2021-07-08T19:20:30","date_gmt":"2021-07-08T19:20:30","guid":{"rendered":"https:\/\/hidrologicasolucoes.com.br\/?page_id=2499"},"modified":"2021-10-15T21:37:17","modified_gmt":"2021-10-15T21:37:17","slug":"energia","status":"publish","type":"page","link":"https:\/\/hidrologicasolucoes.com.br\/index.php\/solucoes\/energia\/","title":{"rendered":"Energia"},"content":{"rendered":"\t\t<div data-elementor-type=\"wp-page\" data-elementor-id=\"2499\" class=\"elementor elementor-2499\" data-elementor-settings=\"[]\">\n\t\t\t\t\t\t\t<div class=\"elementor-section-wrap\">\n\t\t\t\t\t\t\t<section class=\"elementor-section elementor-top-section elementor-element elementor-element-88813fb elementor-section-full_width elementor-section-height-default elementor-section-height-default\" data-id=\"88813fb\" data-element_type=\"section\">\n\t\t\t\t\t\t<div class=\"elementor-container elementor-column-gap-no\">\n\t\t\t\t\t<div class=\"elementor-column elementor-col-100 elementor-top-column elementor-element elementor-element-d1b0495\" data-id=\"d1b0495\" data-element_type=\"column\">\n\t\t\t<div class=\"elementor-widget-wrap elementor-element-populated\">\n\t\t\t\t\t\t\t\t<div class=\"elementor-element elementor-element-262c68f elementor-widget elementor-widget-service_image_thumbnail\" data-id=\"262c68f\" data-element_type=\"widget\" data-widget_type=\"service_image_thumbnail.default\">\n\t\t\t\t<div class=\"elementor-widget-container\">\n\t\t\t \n\t\t<div class=\"blocktitle text-left blocktitle__bottom-size02\">\n\t\t\t<div class=\"blocktitle__subtitle\">SOLU\u00c7\u00d5ES<\/div>\n\t\t\t<div class=\"blocktitle__title\">Energia<\/div>\n\t\t<\/div>\n\t\t<picture>\n\t\t\t<img width=\"735\" height=\"511\" src=\"https:\/\/hidrologicasolucoes.com.br\/wp-content\/uploads\/2021\/09\/energia_thumb_novo.jpg\" class=\"attachment-full size-full\" alt=\"\" loading=\"lazy\" \/>\t\t<\/picture>\n\t\t<p class=\"p-indent-top\">\n\t\t\t\t\t<\/p>\n\t\t\t\t<\/div>\n\t\t\t\t<\/div>\n\t\t\t\t<div class=\"elementor-element elementor-element-a0a79c4 elementor-widget elementor-widget-toggle\" data-id=\"a0a79c4\" data-element_type=\"widget\" data-widget_type=\"toggle.default\">\n\t\t\t\t<div class=\"elementor-widget-container\">\n\t\t\t\t\t<div class=\"elementor-toggle\" role=\"tablist\">\n\t\t\t\t\t\t\t<div class=\"elementor-toggle-item\">\n\t\t\t\t\t<div id=\"elementor-tab-title-1681\" class=\"elementor-tab-title\" data-tab=\"1\" role=\"tab\" aria-controls=\"elementor-tab-content-1681\" aria-expanded=\"false\">\n\t\t\t\t\t\t\t\t\t\t\t\t<span class=\"elementor-toggle-icon elementor-toggle-icon-left\" aria-hidden=\"true\">\n\t\t\t\t\t\t\t\t\t\t\t\t\t\t\t<span class=\"elementor-toggle-icon-closed\"><i class=\"fas fa-caret-right\"><\/i><\/span>\n\t\t\t\t\t\t\t\t<span class=\"elementor-toggle-icon-opened\"><i class=\"elementor-toggle-icon-opened fas fa-caret-up\"><\/i><\/span>\n\t\t\t\t\t\t\t\t\t\t\t\t\t<\/span>\n\t\t\t\t\t\t\t\t\t\t\t\t<a href=\"\" class=\"elementor-toggle-title\">Cumprimento das condicionantes ambientais de empreendimentos hidrel\u00e9tricos conforme Resolu\u00e7\u00e3o Conjunta n\u00ba3\/2010 da ANA \u2013 ANEEL<\/a>\n\t\t\t\t\t<\/div>\n\t\t\t\t\t<div id=\"elementor-tab-content-1681\" class=\"elementor-tab-content elementor-clearfix\" data-tab=\"1\" role=\"tabpanel\" aria-labelledby=\"elementor-tab-title-1681\"><p style=\"margin: 0cm; background: white; box-sizing: border-box; font-variant-ligatures: normal; font-variant-caps: normal; orphans: 2; text-align: start; widows: 2; -webkit-text-stroke-width: 0px; text-decoration-thickness: initial; text-decoration-style: initial; text-decoration-color: initial; word-spacing: 0px;\"><span style=\"font-family: Roboto; color: #7a7a7a;\">A Resolu\u00e7\u00e3o Conjunta ANEEL\/ANA n\u00ba 03\/2010 estabelece condi\u00e7\u00f5es e procedimentos a serem observados pelos concession\u00e1rios e autorizados de gera\u00e7\u00e3o de energia hidrel\u00e9trica para a instala\u00e7\u00e3o, opera\u00e7\u00e3o e manuten\u00e7\u00e3o de esta\u00e7\u00f5es hidrom\u00e9tricas visando ao monitoramento hidrol\u00f3gico associado a aproveitamentos hidrel\u00e9tricos. Busca-se ent\u00e3o, cumprir integralmente as exig\u00eancias da referida resolu\u00e7\u00e3o.<\/span><\/p><\/div>\n\t\t\t\t<\/div>\n\t\t\t\t\t\t\t<div class=\"elementor-toggle-item\">\n\t\t\t\t\t<div id=\"elementor-tab-title-1682\" class=\"elementor-tab-title\" data-tab=\"2\" role=\"tab\" aria-controls=\"elementor-tab-content-1682\" aria-expanded=\"false\">\n\t\t\t\t\t\t\t\t\t\t\t\t<span class=\"elementor-toggle-icon elementor-toggle-icon-left\" aria-hidden=\"true\">\n\t\t\t\t\t\t\t\t\t\t\t\t\t\t\t<span class=\"elementor-toggle-icon-closed\"><i class=\"fas fa-caret-right\"><\/i><\/span>\n\t\t\t\t\t\t\t\t<span class=\"elementor-toggle-icon-opened\"><i class=\"elementor-toggle-icon-opened fas fa-caret-up\"><\/i><\/span>\n\t\t\t\t\t\t\t\t\t\t\t\t\t<\/span>\n\t\t\t\t\t\t\t\t\t\t\t\t<a href=\"\" class=\"elementor-toggle-title\">Estimativa da energia m\u00e9dia produzida com base na vaz\u00e3o m\u00e9dia de longo termo<\/a>\n\t\t\t\t\t<\/div>\n\t\t\t\t\t<div id=\"elementor-tab-content-1682\" class=\"elementor-tab-content elementor-clearfix\" data-tab=\"2\" role=\"tabpanel\" aria-labelledby=\"elementor-tab-title-1682\"><p style=\"margin: 0cm; background: white; box-sizing: border-box; font-variant-ligatures: normal; font-variant-caps: normal; orphans: 2; text-align: start; widows: 2; -webkit-text-stroke-width: 0px; text-decoration-thickness: initial; text-decoration-style: initial; text-decoration-color: initial; word-spacing: 0px;\"><span style=\"font-family: Roboto; color: #7a7a7a;\">A estimativa do potencial hidrel\u00e9trico \u00e9 o principal aspecto analisado na etapa inicial de implanta\u00e7\u00e3o de uma usina. O conhecimento da disponibilidade h\u00eddrica obtida em estudos hidrol\u00f3gicos \u00e9 fundamental para a tomada de decis\u00e3o do empreendedor. Assim, estima-se por meio de an\u00e1lises estat\u00edsticas, a energia m\u00e9dia produzida com base na vaz\u00e3o de um curso d\u2019\u00e1gua, incluindo as varia\u00e7\u00f5es sazonais.<\/span><\/p><\/div>\n\t\t\t\t<\/div>\n\t\t\t\t\t\t\t<div class=\"elementor-toggle-item\">\n\t\t\t\t\t<div id=\"elementor-tab-title-1683\" class=\"elementor-tab-title\" data-tab=\"3\" role=\"tab\" aria-controls=\"elementor-tab-content-1683\" aria-expanded=\"false\">\n\t\t\t\t\t\t\t\t\t\t\t\t<span class=\"elementor-toggle-icon elementor-toggle-icon-left\" aria-hidden=\"true\">\n\t\t\t\t\t\t\t\t\t\t\t\t\t\t\t<span class=\"elementor-toggle-icon-closed\"><i class=\"fas fa-caret-right\"><\/i><\/span>\n\t\t\t\t\t\t\t\t<span class=\"elementor-toggle-icon-opened\"><i class=\"elementor-toggle-icon-opened fas fa-caret-up\"><\/i><\/span>\n\t\t\t\t\t\t\t\t\t\t\t\t\t<\/span>\n\t\t\t\t\t\t\t\t\t\t\t\t<a href=\"\" class=\"elementor-toggle-title\">Projeto Conceitual, B\u00e1sico e Executivo de PCH\u2019s e CGH\u2019s<\/a>\n\t\t\t\t\t<\/div>\n\t\t\t\t\t<div id=\"elementor-tab-content-1683\" class=\"elementor-tab-content elementor-clearfix\" data-tab=\"3\" role=\"tabpanel\" aria-labelledby=\"elementor-tab-title-1683\"><p style=\"margin: 0cm; background: white; box-sizing: border-box; font-variant-ligatures: normal; font-variant-caps: normal; orphans: 2; text-align: start; widows: 2; -webkit-text-stroke-width: 0px; text-decoration-thickness: initial; text-decoration-style: initial; text-decoration-color: initial; word-spacing: 0px;\"><span style=\"font-family: Roboto; color: #7a7a7a;\">Nos projetos conceituais, b\u00e1sicos e executivos de Pequenas Centrais e de Centrais Geradoras Hidrel\u00e9tricas s\u00e3o apresentadas informa\u00e7\u00f5es fundamentais para o planejamento e instala\u00e7\u00e3o do empreendimento, como a pot\u00eancia \u00f3tima a ser instalada. Tamb\u00e9m s\u00e3o necess\u00e1rios para dar suporte ao projeto ambiental de licenciamento nos \u00f3rg\u00e3os competentes e apresentar os elementos necess\u00e1rios para a execu\u00e7\u00e3o da obra.<\/span><\/p><\/div>\n\t\t\t\t<\/div>\n\t\t\t\t\t\t\t<div class=\"elementor-toggle-item\">\n\t\t\t\t\t<div id=\"elementor-tab-title-1684\" class=\"elementor-tab-title\" data-tab=\"4\" role=\"tab\" aria-controls=\"elementor-tab-content-1684\" aria-expanded=\"false\">\n\t\t\t\t\t\t\t\t\t\t\t\t<span class=\"elementor-toggle-icon elementor-toggle-icon-left\" aria-hidden=\"true\">\n\t\t\t\t\t\t\t\t\t\t\t\t\t\t\t<span class=\"elementor-toggle-icon-closed\"><i class=\"fas fa-caret-right\"><\/i><\/span>\n\t\t\t\t\t\t\t\t<span class=\"elementor-toggle-icon-opened\"><i class=\"elementor-toggle-icon-opened fas fa-caret-up\"><\/i><\/span>\n\t\t\t\t\t\t\t\t\t\t\t\t\t<\/span>\n\t\t\t\t\t\t\t\t\t\t\t\t<a href=\"\" class=\"elementor-toggle-title\">Estudos de vaz\u00f5es reduzidas<\/a>\n\t\t\t\t\t<\/div>\n\t\t\t\t\t<div id=\"elementor-tab-content-1684\" class=\"elementor-tab-content elementor-clearfix\" data-tab=\"4\" role=\"tabpanel\" aria-labelledby=\"elementor-tab-title-1684\"><p style=\"margin: 0cm; background: white; box-sizing: border-box; font-variant-ligatures: normal; font-variant-caps: normal; orphans: 2; text-align: start; widows: 2; -webkit-text-stroke-width: 0px; text-decoration-thickness: initial; text-decoration-style: initial; text-decoration-color: initial; word-spacing: 0px;\"><span style=\"font-family: Roboto; color: #7a7a7a;\">As vaz\u00f5es reduzidas s\u00e3o definidas pelo fluxo de \u00e1gua que permanece no curso d\u2019\u00e1gua depois de retiradas para atender usos externos tais como abastecimento p\u00fablico, industrial, irriga\u00e7\u00e3o e, em algumas inst\u00e2ncias, energia el\u00e9trica. Estes estudos embasam o diagn\u00f3stico socioambiental e simula\u00e7\u00f5es hidrol\u00f3gicas em trechos de vaz\u00e3o reduzida (TVR), visando determinar as vaz\u00f5es ecol\u00f3gicas \u00e0 manuten\u00e7\u00e3o da qualidade ambiental do TVR.\u00a0<\/span><\/p><\/div>\n\t\t\t\t<\/div>\n\t\t\t\t\t\t\t<div class=\"elementor-toggle-item\">\n\t\t\t\t\t<div id=\"elementor-tab-title-1685\" class=\"elementor-tab-title\" data-tab=\"5\" role=\"tab\" aria-controls=\"elementor-tab-content-1685\" aria-expanded=\"false\">\n\t\t\t\t\t\t\t\t\t\t\t\t<span class=\"elementor-toggle-icon elementor-toggle-icon-left\" aria-hidden=\"true\">\n\t\t\t\t\t\t\t\t\t\t\t\t\t\t\t<span class=\"elementor-toggle-icon-closed\"><i class=\"fas fa-caret-right\"><\/i><\/span>\n\t\t\t\t\t\t\t\t<span class=\"elementor-toggle-icon-opened\"><i class=\"elementor-toggle-icon-opened fas fa-caret-up\"><\/i><\/span>\n\t\t\t\t\t\t\t\t\t\t\t\t\t<\/span>\n\t\t\t\t\t\t\t\t\t\t\t\t<a href=\"\" class=\"elementor-toggle-title\">Atendimento \u00e0 resolu\u00e7\u00e3o conjunta 03\/2010<\/a>\n\t\t\t\t\t<\/div>\n\t\t\t\t\t<div id=\"elementor-tab-content-1685\" class=\"elementor-tab-content elementor-clearfix\" data-tab=\"5\" role=\"tabpanel\" aria-labelledby=\"elementor-tab-title-1685\"><p style=\"margin: 0cm; background: white; box-sizing: border-box; font-variant-ligatures: normal; font-variant-caps: normal; orphans: 2; text-align: start; widows: 2; -webkit-text-stroke-width: 0px; text-decoration-thickness: initial; text-decoration-style: initial; text-decoration-color: initial; word-spacing: 0px;\"><span style=\"font-family: Roboto; color: #7a7a7a;\">A Resolu\u00e7\u00e3o Conjunta ANEEL\/ANA n\u00ba 03\/2010 estabelece as condi\u00e7\u00f5es e procedimentos para o monitoramento hidrol\u00f3gico associado a aproveitamentos hidrel\u00e9tricos. Logo, os concession\u00e1rios e autorizados de gera\u00e7\u00e3o de energia hidrel\u00e9trica devem projetar, instalar, operar e manter esta\u00e7\u00f5es hidrom\u00e9tricas. Assim, deve-se definir a localiza\u00e7\u00e3o das esta\u00e7\u00f5es, instalar, acompanhar a gera\u00e7\u00e3o das informa\u00e7\u00f5es hidrol\u00f3gicas, e atestar a qualidade dos dados para a elabora\u00e7\u00e3o dos relat\u00f3rios exigidos pelas ag\u00eancias reguladoras.<\/span><\/p><\/div>\n\t\t\t\t<\/div>\n\t\t\t\t\t\t\t<div class=\"elementor-toggle-item\">\n\t\t\t\t\t<div id=\"elementor-tab-title-1686\" class=\"elementor-tab-title\" data-tab=\"6\" role=\"tab\" aria-controls=\"elementor-tab-content-1686\" aria-expanded=\"false\">\n\t\t\t\t\t\t\t\t\t\t\t\t<span class=\"elementor-toggle-icon elementor-toggle-icon-left\" aria-hidden=\"true\">\n\t\t\t\t\t\t\t\t\t\t\t\t\t\t\t<span class=\"elementor-toggle-icon-closed\"><i class=\"fas fa-caret-right\"><\/i><\/span>\n\t\t\t\t\t\t\t\t<span class=\"elementor-toggle-icon-opened\"><i class=\"elementor-toggle-icon-opened fas fa-caret-up\"><\/i><\/span>\n\t\t\t\t\t\t\t\t\t\t\t\t\t<\/span>\n\t\t\t\t\t\t\t\t\t\t\t\t<a href=\"\" class=\"elementor-toggle-title\">Estudos de Invent\u00e1rio hidrel\u00e9tricos<\/a>\n\t\t\t\t\t<\/div>\n\t\t\t\t\t<div id=\"elementor-tab-content-1686\" class=\"elementor-tab-content elementor-clearfix\" data-tab=\"6\" role=\"tabpanel\" aria-labelledby=\"elementor-tab-title-1686\"><p style=\"margin: 0cm; background: white; box-sizing: border-box; font-variant-ligatures: normal; font-variant-caps: normal; orphans: 2; text-align: start; widows: 2; -webkit-text-stroke-width: 0px; text-decoration-thickness: initial; text-decoration-style: initial; text-decoration-color: initial; word-spacing: 0px;\"><span style=\"font-family: Roboto; color: #7a7a7a;\">Os estudos de invent\u00e1rio hidrel\u00e9trico t\u00eam a finalidade de identificar, por meio do uso \u00f3timo do potencial hidr\u00e1ulico, aproveitamentos hidrel\u00e9tricos em bacias hidrogr\u00e1ficas que apresentem a melhor rela\u00e7\u00e3o custo-produ\u00e7\u00e3o de energia. Relacionam-se \u00e0 verifica\u00e7\u00e3o das poss\u00edveis alternativas de parti\u00e7\u00e3o de quedas para o aproveitamento m\u00e1ximo do potencial hidrel\u00e9trico, com avalia\u00e7\u00e3o preliminar das estimativas de custos e impactos ambientais associados.\u00a0<\/span><\/p><\/div>\n\t\t\t\t<\/div>\n\t\t\t\t\t\t\t<div class=\"elementor-toggle-item\">\n\t\t\t\t\t<div id=\"elementor-tab-title-1687\" class=\"elementor-tab-title\" data-tab=\"7\" role=\"tab\" aria-controls=\"elementor-tab-content-1687\" aria-expanded=\"false\">\n\t\t\t\t\t\t\t\t\t\t\t\t<span class=\"elementor-toggle-icon elementor-toggle-icon-left\" aria-hidden=\"true\">\n\t\t\t\t\t\t\t\t\t\t\t\t\t\t\t<span class=\"elementor-toggle-icon-closed\"><i class=\"fas fa-caret-right\"><\/i><\/span>\n\t\t\t\t\t\t\t\t<span class=\"elementor-toggle-icon-opened\"><i class=\"elementor-toggle-icon-opened fas fa-caret-up\"><\/i><\/span>\n\t\t\t\t\t\t\t\t\t\t\t\t\t<\/span>\n\t\t\t\t\t\t\t\t\t\t\t\t<a href=\"\" class=\"elementor-toggle-title\">Estudo de previs\u00e3o de vaz\u00f5es<\/a>\n\t\t\t\t\t<\/div>\n\t\t\t\t\t<div id=\"elementor-tab-content-1687\" class=\"elementor-tab-content elementor-clearfix\" data-tab=\"7\" role=\"tabpanel\" aria-labelledby=\"elementor-tab-title-1687\"><p style=\"margin: 0cm; background: white; box-sizing: border-box; font-variant-ligatures: normal; font-variant-caps: normal; orphans: 2; text-align: start; widows: 2; -webkit-text-stroke-width: 0px; text-decoration-thickness: initial; text-decoration-style: initial; text-decoration-color: initial; word-spacing: 0px;\"><span style=\"font-family: Roboto; color: #7a7a7a;\">Estes s\u00e3o estudos que permitem prever as vaz\u00f5es em tempo real de um determinado curso d\u2019\u00e1gua, logo, a previs\u00e3o de vaz\u00f5es se apresenta como uma medida n\u00e3o estrutural de grande import\u00e2ncia na redu\u00e7\u00e3o dos preju\u00edzos decorrentes de eventos extremos. Estes estudos s\u00e3o de extrema import\u00e2ncia em v\u00e1rias circunst\u00e2ncias, como por exemplo o gerenciamento de enchentes em regi\u00f5es urbanizadas. Assim, pode-se auxiliar cientificamente a tomada de decis\u00e3o de empreendedores e \u00f3rg\u00e3os p\u00fablicos.<\/span><\/p><\/div>\n\t\t\t\t<\/div>\n\t\t\t\t\t\t\t<div class=\"elementor-toggle-item\">\n\t\t\t\t\t<div id=\"elementor-tab-title-1688\" class=\"elementor-tab-title\" data-tab=\"8\" role=\"tab\" aria-controls=\"elementor-tab-content-1688\" aria-expanded=\"false\">\n\t\t\t\t\t\t\t\t\t\t\t\t<span class=\"elementor-toggle-icon elementor-toggle-icon-left\" aria-hidden=\"true\">\n\t\t\t\t\t\t\t\t\t\t\t\t\t\t\t<span class=\"elementor-toggle-icon-closed\"><i class=\"fas fa-caret-right\"><\/i><\/span>\n\t\t\t\t\t\t\t\t<span class=\"elementor-toggle-icon-opened\"><i class=\"elementor-toggle-icon-opened fas fa-caret-up\"><\/i><\/span>\n\t\t\t\t\t\t\t\t\t\t\t\t\t<\/span>\n\t\t\t\t\t\t\t\t\t\t\t\t<a href=\"\" class=\"elementor-toggle-title\">Estudo de regionaliza\u00e7\u00e3o de vaz\u00f5es<\/a>\n\t\t\t\t\t<\/div>\n\t\t\t\t\t<div id=\"elementor-tab-content-1688\" class=\"elementor-tab-content elementor-clearfix\" data-tab=\"8\" role=\"tabpanel\" aria-labelledby=\"elementor-tab-title-1688\"><h6 style=\"background: white; margin: 26.25pt 0cm 0cm 0cm;\">\u00a0<\/h6><p style=\"margin: 0cm; background: white; box-sizing: border-box; font-variant-ligatures: normal; font-variant-caps: normal; orphans: 2; text-align: start; widows: 2; -webkit-text-stroke-width: 0px; text-decoration-thickness: initial; text-decoration-style: initial; text-decoration-color: initial; word-spacing: 0px;\"><span style=\"font-family: Roboto; color: #7a7a7a;\">A regionaliza\u00e7\u00e3o de vaz\u00f5es em bacias hidrogr\u00e1ficas tem um importante papel na disponibiliza\u00e7\u00e3o de informa\u00e7\u00f5es em locais n\u00e3o monitorados hidrologicamente. Nestes estudos, transfere-se informa\u00e7\u00f5es hidrol\u00f3gicas de uma regi\u00e3o monitorada para outra que n\u00e3o possua dados coletados de forma sistem\u00e1tica, mas apresente um comportamento hidrol\u00f3gico semelhante. Desta forma, determina-se com um n\u00edvel de confiabilidade, a disponibilidade h\u00eddrica para a implanta\u00e7\u00e3o de empreendimentos.<\/span><\/p><\/div>\n\t\t\t\t<\/div>\n\t\t\t\t\t\t\t\t<\/div>\n\t\t\t\t<\/div>\n\t\t\t\t<\/div>\n\t\t\t\t<div class=\"elementor-element elementor-element-a1e1dba elementor-widget elementor-widget-spacer\" data-id=\"a1e1dba\" data-element_type=\"widget\" data-widget_type=\"spacer.default\">\n\t\t\t\t<div class=\"elementor-widget-container\">\n\t\t\t\t\t<div class=\"elementor-spacer\">\n\t\t\t<div class=\"elementor-spacer-inner\"><\/div>\n\t\t<\/div>\n\t\t\t\t<\/div>\n\t\t\t\t<\/div>\n\t\t\t\t\t<\/div>\n\t\t<\/div>\n\t\t\t\t\t\t\t<\/div>\n\t\t<\/section>\n\t\t\t\t\t\t<\/div>\n\t\t\t\t\t<\/div>\n\t\t","protected":false},"excerpt":{"rendered":"<p>SOLU\u00c7\u00d5ES Energia Cumprimento das condicionantes ambientais de empreendimentos hidrel\u00e9tricos conforme Resolu\u00e7\u00e3o Conjunta n\u00ba3\/2010 da ANA \u2013 ANEEL A Resolu\u00e7\u00e3o Conjunta ANEEL\/ANA n\u00ba 03\/2010 estabelece condi\u00e7\u00f5es e procedimentos a serem observados pelos concession\u00e1rios e autorizados de gera\u00e7\u00e3o de energia hidrel\u00e9trica para a instala\u00e7\u00e3o, opera\u00e7\u00e3o e manuten\u00e7\u00e3o de esta\u00e7\u00f5es hidrom\u00e9tricas visando ao monitoramento hidrol\u00f3gico associado a aproveitamentos [&hellip;]<\/p>\n","protected":false},"author":2,"featured_media":0,"parent":347,"menu_order":0,"comment_status":"closed","ping_status":"closed","template":"","meta":[],"_links":{"self":[{"href":"https:\/\/hidrologicasolucoes.com.br\/index.php\/wp-json\/wp\/v2\/pages\/2499"}],"collection":[{"href":"https:\/\/hidrologicasolucoes.com.br\/index.php\/wp-json\/wp\/v2\/pages"}],"about":[{"href":"https:\/\/hidrologicasolucoes.com.br\/index.php\/wp-json\/wp\/v2\/types\/page"}],"author":[{"embeddable":true,"href":"https:\/\/hidrologicasolucoes.com.br\/index.php\/wp-json\/wp\/v2\/users\/2"}],"replies":[{"embeddable":true,"href":"https:\/\/hidrologicasolucoes.com.br\/index.php\/wp-json\/wp\/v2\/comments?post=2499"}],"version-history":[{"count":19,"href":"https:\/\/hidrologicasolucoes.com.br\/index.php\/wp-json\/wp\/v2\/pages\/2499\/revisions"}],"predecessor-version":[{"id":3073,"href":"https:\/\/hidrologicasolucoes.com.br\/index.php\/wp-json\/wp\/v2\/pages\/2499\/revisions\/3073"}],"up":[{"embeddable":true,"href":"https:\/\/hidrologicasolucoes.com.br\/index.php\/wp-json\/wp\/v2\/pages\/347"}],"wp:attachment":[{"href":"https:\/\/hidrologicasolucoes.com.br\/index.php\/wp-json\/wp\/v2\/media?parent=2499"}],"curies":[{"name":"wp","href":"https:\/\/api.w.org\/{rel}","templated":true}]}}