{"id":2503,"date":"2021-07-08T19:21:57","date_gmt":"2021-07-08T19:21:57","guid":{"rendered":"https:\/\/hidrologicasolucoes.com.br\/?page_id=2503"},"modified":"2021-10-18T14:14:19","modified_gmt":"2021-10-18T14:14:19","slug":"saneamento","status":"publish","type":"page","link":"https:\/\/hidrologicasolucoes.com.br\/index.php\/solucoes\/saneamento\/","title":{"rendered":"Saneamento"},"content":{"rendered":"\t\t<div data-elementor-type=\"wp-page\" data-elementor-id=\"2503\" class=\"elementor elementor-2503\" data-elementor-settings=\"[]\">\n\t\t\t\t\t\t\t<div class=\"elementor-section-wrap\">\n\t\t\t\t\t\t\t<section class=\"elementor-section elementor-top-section elementor-element elementor-element-88813fb elementor-section-full_width elementor-section-height-default elementor-section-height-default\" data-id=\"88813fb\" data-element_type=\"section\">\n\t\t\t\t\t\t<div class=\"elementor-container elementor-column-gap-no\">\n\t\t\t\t\t<div class=\"elementor-column elementor-col-100 elementor-top-column elementor-element elementor-element-d1b0495\" data-id=\"d1b0495\" data-element_type=\"column\">\n\t\t\t<div class=\"elementor-widget-wrap elementor-element-populated\">\n\t\t\t\t\t\t\t\t<div class=\"elementor-element elementor-element-262c68f elementor-widget elementor-widget-service_image_thumbnail\" data-id=\"262c68f\" data-element_type=\"widget\" data-widget_type=\"service_image_thumbnail.default\">\n\t\t\t\t<div class=\"elementor-widget-container\">\n\t\t\t \n\t\t<div class=\"blocktitle text-left blocktitle__bottom-size02\">\n\t\t\t<div class=\"blocktitle__subtitle\">SOLU\u00c7\u00d5ES<\/div>\n\t\t\t<div class=\"blocktitle__title\">Saneamento<\/div>\n\t\t<\/div>\n\t\t<picture>\n\t\t\t<img width=\"735\" height=\"511\" src=\"https:\/\/hidrologicasolucoes.com.br\/wp-content\/uploads\/2021\/09\/saneamento_thumb_novo.jpg\" class=\"attachment-full size-full\" alt=\"\" loading=\"lazy\" \/>\t\t<\/picture>\n\t\t<p class=\"p-indent-top\">\n\t\t\t\t\t<\/p>\n\t\t\t\t<\/div>\n\t\t\t\t<\/div>\n\t\t\t\t<div class=\"elementor-element elementor-element-91e4d78 elementor-widget elementor-widget-toggle\" data-id=\"91e4d78\" data-element_type=\"widget\" data-widget_type=\"toggle.default\">\n\t\t\t\t<div class=\"elementor-widget-container\">\n\t\t\t\t\t<div class=\"elementor-toggle\" role=\"tablist\">\n\t\t\t\t\t\t\t<div class=\"elementor-toggle-item\">\n\t\t\t\t\t<div id=\"elementor-tab-title-1521\" class=\"elementor-tab-title\" data-tab=\"1\" role=\"tab\" aria-controls=\"elementor-tab-content-1521\" aria-expanded=\"false\">\n\t\t\t\t\t\t\t\t\t\t\t\t<span class=\"elementor-toggle-icon elementor-toggle-icon-left\" aria-hidden=\"true\">\n\t\t\t\t\t\t\t\t\t\t\t\t\t\t\t<span class=\"elementor-toggle-icon-closed\"><i class=\"fas fa-caret-right\"><\/i><\/span>\n\t\t\t\t\t\t\t\t<span class=\"elementor-toggle-icon-opened\"><i class=\"elementor-toggle-icon-opened fas fa-caret-up\"><\/i><\/span>\n\t\t\t\t\t\t\t\t\t\t\t\t\t<\/span>\n\t\t\t\t\t\t\t\t\t\t\t\t<a href=\"\" class=\"elementor-toggle-title\">Plano municipal de saneamento b\u00e1sico \u2013 PMSB<\/a>\n\t\t\t\t\t<\/div>\n\t\t\t\t\t<div id=\"elementor-tab-content-1521\" class=\"elementor-tab-content elementor-clearfix\" data-tab=\"1\" role=\"tabpanel\" aria-labelledby=\"elementor-tab-title-1521\"><p>Este plano consiste no planejamento integrado do saneamento b\u00e1sico considerando seus quatro componentes: abastecimento de \u00e1gua pot\u00e1vel, esgotamento sanit\u00e1rio, limpeza urbana e manejo de res\u00edduos s\u00f3lidos e drenagem e manejo das \u00e1guas pluviais urbanas, em um horizonte de planejamento de 25 anos. O PMSB deve contemplar a Lei n\u00ba 11.445\/2007, bem como a Lei n\u00ba 14.026\/2020, que atualiza o Marco Legal do Saneamento B\u00e1sico.<\/p><\/div>\n\t\t\t\t<\/div>\n\t\t\t\t\t\t\t<div class=\"elementor-toggle-item\">\n\t\t\t\t\t<div id=\"elementor-tab-title-1522\" class=\"elementor-tab-title\" data-tab=\"2\" role=\"tab\" aria-controls=\"elementor-tab-content-1522\" aria-expanded=\"false\">\n\t\t\t\t\t\t\t\t\t\t\t\t<span class=\"elementor-toggle-icon elementor-toggle-icon-left\" aria-hidden=\"true\">\n\t\t\t\t\t\t\t\t\t\t\t\t\t\t\t<span class=\"elementor-toggle-icon-closed\"><i class=\"fas fa-caret-right\"><\/i><\/span>\n\t\t\t\t\t\t\t\t<span class=\"elementor-toggle-icon-opened\"><i class=\"elementor-toggle-icon-opened fas fa-caret-up\"><\/i><\/span>\n\t\t\t\t\t\t\t\t\t\t\t\t\t<\/span>\n\t\t\t\t\t\t\t\t\t\t\t\t<a href=\"\" class=\"elementor-toggle-title\">Elabora\u00e7\u00e3o de plano de monitoramento de efluentes l\u00edquidos \u2013 PMEL<\/a>\n\t\t\t\t\t<\/div>\n\t\t\t\t\t<div id=\"elementor-tab-content-1522\" class=\"elementor-tab-content elementor-clearfix\" data-tab=\"2\" role=\"tabpanel\" aria-labelledby=\"elementor-tab-title-1522\"><p>Estes s\u00e3o planos que contemplam desde a caracteriza\u00e7\u00e3o dos efluentes, estabelecimento de pontos de amostragem, par\u00e2metros e periodicidade de an\u00e1lises, possibilidades de reuso, at\u00e9 a busca de alternativas ambientais e econ\u00f4micas de disposi\u00e7\u00e3o final, al\u00e9m de desenvolvimento de estrat\u00e9gias de mitiga\u00e7\u00e3o de \u00e1reas j\u00e1 impactadas.<\/p><\/div>\n\t\t\t\t<\/div>\n\t\t\t\t\t\t\t<div class=\"elementor-toggle-item\">\n\t\t\t\t\t<div id=\"elementor-tab-title-1523\" class=\"elementor-tab-title\" data-tab=\"3\" role=\"tab\" aria-controls=\"elementor-tab-content-1523\" aria-expanded=\"false\">\n\t\t\t\t\t\t\t\t\t\t\t\t<span class=\"elementor-toggle-icon elementor-toggle-icon-left\" aria-hidden=\"true\">\n\t\t\t\t\t\t\t\t\t\t\t\t\t\t\t<span class=\"elementor-toggle-icon-closed\"><i class=\"fas fa-caret-right\"><\/i><\/span>\n\t\t\t\t\t\t\t\t<span class=\"elementor-toggle-icon-opened\"><i class=\"elementor-toggle-icon-opened fas fa-caret-up\"><\/i><\/span>\n\t\t\t\t\t\t\t\t\t\t\t\t\t<\/span>\n\t\t\t\t\t\t\t\t\t\t\t\t<a href=\"\" class=\"elementor-toggle-title\">Projetos e constru\u00e7\u00e3o de fossas s\u00e9pticas rurais<\/a>\n\t\t\t\t\t<\/div>\n\t\t\t\t\t<div id=\"elementor-tab-content-1523\" class=\"elementor-tab-content elementor-clearfix\" data-tab=\"3\" role=\"tabpanel\" aria-labelledby=\"elementor-tab-title-1523\"><p>As\u00a0fossas s\u00e9pticas\u00a0t\u00eam a fun\u00e7\u00e3o de promover o cuidado prim\u00e1rio do esgoto dom\u00e9stico, para que sejam evitadas contamina\u00e7\u00f5es do solo e da \u00e1gua, prevenindo a transmiss\u00e3o de v\u00e1rias doen\u00e7as. Projetamos e constru\u00edmos fossas s\u00e9pticas de acordo com a ABNT NBR 7229 \u2013 Projeto, constru\u00e7\u00e3o e opera\u00e7\u00e3o de sistemas de tanques s\u00e9pticos. Para tanto, realizamos um estudo pr\u00e9vio com crit\u00e9rios que definem o melhor local de constru\u00e7\u00e3o, o tamanho do sistema e a frequ\u00eancia de limpeza.<\/p><\/div>\n\t\t\t\t<\/div>\n\t\t\t\t\t\t\t<div class=\"elementor-toggle-item\">\n\t\t\t\t\t<div id=\"elementor-tab-title-1524\" class=\"elementor-tab-title\" data-tab=\"4\" role=\"tab\" aria-controls=\"elementor-tab-content-1524\" aria-expanded=\"false\">\n\t\t\t\t\t\t\t\t\t\t\t\t<span class=\"elementor-toggle-icon elementor-toggle-icon-left\" aria-hidden=\"true\">\n\t\t\t\t\t\t\t\t\t\t\t\t\t\t\t<span class=\"elementor-toggle-icon-closed\"><i class=\"fas fa-caret-right\"><\/i><\/span>\n\t\t\t\t\t\t\t\t<span class=\"elementor-toggle-icon-opened\"><i class=\"elementor-toggle-icon-opened fas fa-caret-up\"><\/i><\/span>\n\t\t\t\t\t\t\t\t\t\t\t\t\t<\/span>\n\t\t\t\t\t\t\t\t\t\t\t\t<a href=\"\" class=\"elementor-toggle-title\">Projeto de Esta\u00e7\u00e3o de tratamento de \u00e1gua \u2013 ETA<\/a>\n\t\t\t\t\t<\/div>\n\t\t\t\t\t<div id=\"elementor-tab-content-1524\" class=\"elementor-tab-content elementor-clearfix\" data-tab=\"4\" role=\"tabpanel\" aria-labelledby=\"elementor-tab-title-1524\"><p>O projeto de uma ETA pode ser desenvolvido para empreendimentos residenciais, comerciais e industriais e variam de acordo com o tipo de tratamento, qualidade de \u00e1gua e sua origem. Os projetos conceituais, b\u00e1sicos e executivos devem garantir que toda a \u00e1gua distribu\u00edda e consumida pelos usu\u00e1rios esteja dentro dos padr\u00f5es exigidos pelas legisla\u00e7\u00f5es, portarias e resolu\u00e7\u00f5es.<\/p><\/div>\n\t\t\t\t<\/div>\n\t\t\t\t\t\t\t\t<\/div>\n\t\t\t\t<\/div>\n\t\t\t\t<\/div>\n\t\t\t\t<div class=\"elementor-element elementor-element-a1e1dba elementor-widget elementor-widget-spacer\" data-id=\"a1e1dba\" data-element_type=\"widget\" data-widget_type=\"spacer.default\">\n\t\t\t\t<div class=\"elementor-widget-container\">\n\t\t\t\t\t<div class=\"elementor-spacer\">\n\t\t\t<div class=\"elementor-spacer-inner\"><\/div>\n\t\t<\/div>\n\t\t\t\t<\/div>\n\t\t\t\t<\/div>\n\t\t\t\t\t<\/div>\n\t\t<\/div>\n\t\t\t\t\t\t\t<\/div>\n\t\t<\/section>\n\t\t\t\t\t\t<\/div>\n\t\t\t\t\t<\/div>\n\t\t","protected":false},"excerpt":{"rendered":"<p>SOLU\u00c7\u00d5ES Saneamento Plano municipal de saneamento b\u00e1sico \u2013 PMSB Este plano consiste no planejamento integrado do saneamento b\u00e1sico considerando seus quatro componentes: abastecimento de \u00e1gua pot\u00e1vel, esgotamento sanit\u00e1rio, limpeza urbana e manejo de res\u00edduos s\u00f3lidos e drenagem e manejo das \u00e1guas pluviais urbanas, em um horizonte de planejamento de 25 anos. O PMSB deve contemplar [&hellip;]<\/p>\n","protected":false},"author":2,"featured_media":0,"parent":347,"menu_order":0,"comment_status":"closed","ping_status":"closed","template":"","meta":[],"_links":{"self":[{"href":"https:\/\/hidrologicasolucoes.com.br\/index.php\/wp-json\/wp\/v2\/pages\/2503"}],"collection":[{"href":"https:\/\/hidrologicasolucoes.com.br\/index.php\/wp-json\/wp\/v2\/pages"}],"about":[{"href":"https:\/\/hidrologicasolucoes.com.br\/index.php\/wp-json\/wp\/v2\/types\/page"}],"author":[{"embeddable":true,"href":"https:\/\/hidrologicasolucoes.com.br\/index.php\/wp-json\/wp\/v2\/users\/2"}],"replies":[{"embeddable":true,"href":"https:\/\/hidrologicasolucoes.com.br\/index.php\/wp-json\/wp\/v2\/comments?post=2503"}],"version-history":[{"count":16,"href":"https:\/\/hidrologicasolucoes.com.br\/index.php\/wp-json\/wp\/v2\/pages\/2503\/revisions"}],"predecessor-version":[{"id":3118,"href":"https:\/\/hidrologicasolucoes.com.br\/index.php\/wp-json\/wp\/v2\/pages\/2503\/revisions\/3118"}],"up":[{"embeddable":true,"href":"https:\/\/hidrologicasolucoes.com.br\/index.php\/wp-json\/wp\/v2\/pages\/347"}],"wp:attachment":[{"href":"https:\/\/hidrologicasolucoes.com.br\/index.php\/wp-json\/wp\/v2\/media?parent=2503"}],"curies":[{"name":"wp","href":"https:\/\/api.w.org\/{rel}","templated":true}]}}