{"id":842,"date":"2021-04-13T09:05:07","date_gmt":"2021-04-13T09:05:07","guid":{"rendered":"https:\/\/hidrologicasolucoes.com.br?page_id=842"},"modified":"2021-10-18T13:21:09","modified_gmt":"2021-10-18T13:21:09","slug":"sobre","status":"publish","type":"page","link":"https:\/\/hidrologicasolucoes.com.br\/index.php\/sobre\/","title":{"rendered":"Sobre"},"content":{"rendered":"\t\t<div data-elementor-type=\"wp-page\" data-elementor-id=\"842\" class=\"elementor elementor-842\" data-elementor-settings=\"[]\">\n\t\t\t\t\t\t\t<div class=\"elementor-section-wrap\">\n\t\t\t\t\t\t\t<section class=\"elementor-section elementor-top-section elementor-element elementor-element-774c86c5 elementor-section-full_width elementor-section-height-default elementor-section-height-default\" data-id=\"774c86c5\" data-element_type=\"section\">\n\t\t\t\t\t\t<div class=\"elementor-container elementor-column-gap-default\">\n\t\t\t\t\t<div class=\"elementor-column elementor-col-100 elementor-top-column elementor-element elementor-element-3d8a6df9 elementor-invisible\" data-id=\"3d8a6df9\" data-element_type=\"column\" data-settings=\"{&quot;animation&quot;:&quot;fadeInUp&quot;}\">\n\t\t\t<div class=\"elementor-widget-wrap elementor-element-populated\">\n\t\t\t\t\t\t\t\t<div class=\"elementor-element elementor-element-3a75cbd elementor-widget elementor-widget-spacer\" data-id=\"3a75cbd\" data-element_type=\"widget\" data-widget_type=\"spacer.default\">\n\t\t\t\t<div class=\"elementor-widget-container\">\n\t\t\t\t\t<div class=\"elementor-spacer\">\n\t\t\t<div class=\"elementor-spacer-inner\"><\/div>\n\t\t<\/div>\n\t\t\t\t<\/div>\n\t\t\t\t<\/div>\n\t\t\t\t<section class=\"elementor-section elementor-inner-section elementor-element elementor-element-1cb0398 elementor-section-boxed elementor-section-height-default elementor-section-height-default\" data-id=\"1cb0398\" data-element_type=\"section\">\n\t\t\t\t\t\t<div class=\"elementor-container elementor-column-gap-default\">\n\t\t\t\t\t<div class=\"elementor-column elementor-col-50 elementor-inner-column elementor-element elementor-element-0d08f33\" data-id=\"0d08f33\" data-element_type=\"column\">\n\t\t\t<div class=\"elementor-widget-wrap elementor-element-populated\">\n\t\t\t\t\t\t\t\t<div class=\"elementor-element elementor-element-4c30c59 elementor-widget elementor-widget-image\" data-id=\"4c30c59\" data-element_type=\"widget\" data-widget_type=\"image.default\">\n\t\t\t\t<div class=\"elementor-widget-container\">\n\t\t\t\t\t\t\t\t\t\t\t\t\t\t\t<img width=\"300\" height=\"71\" src=\"https:\/\/hidrologicasolucoes.com.br\/wp-content\/uploads\/2021\/10\/LOGO1_TEXTO_ESCURO1X-300x71.png\" class=\"attachment-medium size-medium\" alt=\"\" loading=\"lazy\" \/>\t\t\t\t\t\t\t\t\t\t\t\t\t\t\t<\/div>\n\t\t\t\t<\/div>\n\t\t\t\t<div class=\"elementor-element elementor-element-fb0ab0b elementor-widget elementor-widget-text-editor\" data-id=\"fb0ab0b\" data-element_type=\"widget\" data-widget_type=\"text-editor.default\">\n\t\t\t\t<div class=\"elementor-widget-container\">\n\t\t\t\t\t\t\t\t<p>Oficialmente, a hist\u00f3ria da Hidrol\u00f3gica come\u00e7a em 2020. Por\u00e9m, esse sonho j\u00e1 vinha sendo amadurecido desde 2005, na primeira viagem de mapeamento hidrol\u00f3gico que foi objeto de estudo do mestrado de um dos s\u00f3cios. Da primeira visita \u00e0s regi\u00f5es de cabeceira do Rio Grande, na serra da Mantiqueira, no sul de Minas Gerais, at\u00e9 hoje, s\u00e3o muitos anos de estudos, especializa\u00e7\u00f5es e projetos relevantes na \u00e1rea. Tudo isso para oferecer aos clientes solu\u00e7\u00f5es respons\u00e1veis em recursos h\u00eddricos: o lema da empresa.<\/p><p><b>Para atender cada projeto de forma criteriosa, a Hidrol\u00f3gica busca solu\u00e7\u00f5es que estejam em conson\u00e2ncia com o desenvolvimento sustent\u00e1vel, econ\u00f4mico e de acordo com as recomenda\u00e7\u00f5es legais.<\/b><\/p>\t\t\t\t\t\t<\/div>\n\t\t\t\t<\/div>\n\t\t\t\t\t<\/div>\n\t\t<\/div>\n\t\t\t\t<div class=\"elementor-column elementor-col-50 elementor-inner-column elementor-element elementor-element-afdf797\" data-id=\"afdf797\" data-element_type=\"column\">\n\t\t\t<div class=\"elementor-widget-wrap elementor-element-populated\">\n\t\t\t\t\t\t\t\t<div class=\"elementor-element elementor-element-77e2857 elementor-widget elementor-widget-image\" data-id=\"77e2857\" data-element_type=\"widget\" data-widget_type=\"image.default\">\n\t\t\t\t<div class=\"elementor-widget-container\">\n\t\t\t\t\t\t\t\t\t\t\t\t\t\t\t<img width=\"1220\" height=\"925\" src=\"https:\/\/hidrologicasolucoes.com.br\/wp-content\/uploads\/2021\/09\/sobre_nos_side.jpg\" class=\"attachment-full size-full\" alt=\"\" loading=\"lazy\" \/>\t\t\t\t\t\t\t\t\t\t\t\t\t\t\t<\/div>\n\t\t\t\t<\/div>\n\t\t\t\t\t<\/div>\n\t\t<\/div>\n\t\t\t\t\t\t\t<\/div>\n\t\t<\/section>\n\t\t\t\t\t<\/div>\n\t\t<\/div>\n\t\t\t\t\t\t\t<\/div>\n\t\t<\/section>\n\t\t\t\t<section class=\"elementor-section elementor-top-section elementor-element elementor-element-6eb362f elementor-section-full_width elementor-section-height-default elementor-section-height-default\" data-id=\"6eb362f\" data-element_type=\"section\">\n\t\t\t\t\t\t<div class=\"elementor-container elementor-column-gap-no\">\n\t\t\t\t\t<div class=\"elementor-column elementor-col-100 elementor-top-column elementor-element elementor-element-779178a\" data-id=\"779178a\" data-element_type=\"column\">\n\t\t\t<div class=\"elementor-widget-wrap elementor-element-populated\">\n\t\t\t\t\t\t\t\t<div class=\"elementor-element elementor-element-16a78c37 elementor-invisible elementor-widget elementor-widget-plumbio_team\" data-id=\"16a78c37\" data-element_type=\"widget\" data-settings=\"{&quot;_animation&quot;:&quot;fadeInUp&quot;}\" data-widget_type=\"plumbio_team.default\">\n\t\t\t\t<div class=\"elementor-widget-container\">\n\t\t\t \n\t\t\n\t\t<div class=\"section-indent\">\n\t\t\t<div class=\"container container__fluid-lg\">\n\t\t\t\t<div class=\"blocktitle text-center blocktitle__min-width02\">\n\t\t\t\t\t<div class=\"blocktitle__under\"><\/div>\n\t\t\t\t\t<div class=\"blocktitle__subtitle\">NOSSA EQUIPE<\/div>\n\t\t\t\t\t<div class=\"blocktitle__title\"><\/div>\n\t\t\t\t\t<div class=\"blocktitle__text blocktitle__min-width\"><\/div>\n\t\t\t\t<\/div>\n\t\t\t\t<div class=\"row personal-02__wrapper\">\n\n\t\t\t\t\t\n\t\t\t\t\t\t<div class=\"col-md-6\">\n\t\t\t\t\t\t\t<div class=\"personal-02\">\n\t\t\t\t\t\t\t\t<div class=\"personal-02__slide\">\n\t\t\t\t\t\t\t\t\t<a href=\"https:\/\/www.linkedin.com\/in\/geovane-junqueira-alves-61859943\/?originalSubdomain=br\" target=\"_blank\" class=\"icon-2111532\"><\/a>\n\t\t\t\t\t\t\t\t<\/div>\n\t\t\t\t\t\t\t\t<div class=\"personal-02__img\">\n\t\t\t\t\t\t\t\t\t<picture>\n\t\t\t\t\t\t\t\t\t\t<source srcset=\"https:\/\/hidrologicasolucoes.com.br\/wp-content\/uploads\/2021\/07\/1581019477469.jpg\" data-srcset=\"https:\/\/hidrologicasolucoes.com.br\/wp-content\/uploads\/2021\/07\/1581019477469.jpg\" type=\"image\/jpg\">\n\t\t\t\t\t\t\t\t\t\t<img width=\"800\" height=\"800\" src=\"https:\/\/hidrologicasolucoes.com.br\/wp-content\/uploads\/2021\/07\/1581019477469.jpg\" class=\"attachment-full size-full\" alt=\"\" loading=\"lazy\" \/>\t\t\t\t\t\t\t\t\t<\/picture>\n\t\t\t\t\t\t\t\t<\/div>\n\t\t\t\t\t\t\t\t<div class=\"personal-02__content\">\n\t\t\t\t\t\t\t\t\t<h6 class=\"personal-02__title\">Geovane Junqueira Alves <\/h6>\n\t\t\t\t\t\t\t\t\t<div class=\"personal-02__label\">S\u00f3cio Fundador \/ Diretor<br>CREA: MG178592\/D<\/div>\n\t\t\t\t\t\t\t\t\t<p>\n\t\t\t\t\t\t\t\t\t\tMestre e Doutor em Recursos H\u00eddricos - Eng. Agr\u00edcola - Acad\u00eamico de Eng. Civil e Tecnologia em Gest\u00e3o Ambiental\t\t\t\t\t\t\t\t\t<\/p>\n\t\t\t\t\t\t\t\t<\/div>\n\t\t\t\t\t\t\t<\/div>\n\t\t\t\t\t\t<\/div>\n\t\t\t\t \n\t\t\t\t\t\t<div class=\"col-md-6\">\n\t\t\t\t\t\t\t<div class=\"personal-02\">\n\t\t\t\t\t\t\t\t<div class=\"personal-02__slide\">\n\t\t\t\t\t\t\t\t\t<a href=\"https:\/\/www.linkedin.com\/in\/jose-alves-junqueira-junior-a5034050\/?originalSubdomain=br\" target=\"_blank\" class=\"icon-2111532\"><\/a>\n\t\t\t\t\t\t\t\t<\/div>\n\t\t\t\t\t\t\t\t<div class=\"personal-02__img\">\n\t\t\t\t\t\t\t\t\t<picture>\n\t\t\t\t\t\t\t\t\t\t<source srcset=\"https:\/\/hidrologicasolucoes.com.br\/wp-content\/uploads\/2021\/07\/1589566912931.jpg\" data-srcset=\"https:\/\/hidrologicasolucoes.com.br\/wp-content\/uploads\/2021\/07\/1589566912931.jpg\" type=\"image\/jpg\">\n\t\t\t\t\t\t\t\t\t\t<img width=\"651\" height=\"651\" src=\"https:\/\/hidrologicasolucoes.com.br\/wp-content\/uploads\/2021\/07\/1589566912931.jpg\" class=\"attachment-full size-full\" alt=\"\" loading=\"lazy\" \/>\t\t\t\t\t\t\t\t\t<\/picture>\n\t\t\t\t\t\t\t\t<\/div>\n\t\t\t\t\t\t\t\t<div class=\"personal-02__content\">\n\t\t\t\t\t\t\t\t\t<h6 class=\"personal-02__title\">Jos\u00e9 Alves Junqueira J\u00fanior<\/h6>\n\t\t\t\t\t\t\t\t\t<div class=\"personal-02__label\">Consultor T\u00e9cnico \/ Recursos H\u00eddricos<br>CREA: MG280481\/D<\/div>\n\t\t\t\t\t\t\t\t\t<p>\n\t\t\t\t\t\t\t\t\t\tMestre e Doutor em Recursos H\u00eddricos - Eng. Agr\u00edcola - Acad\u00eamico de Eng. Civil \u2013 Esp. Em Gest\u00e3o P\u00fablica\t\t\t\t\t\t\t\t\t<\/p>\n\t\t\t\t\t\t\t\t<\/div>\n\t\t\t\t\t\t\t<\/div>\n\t\t\t\t\t\t<\/div>\n\t\t\t\t \n\n\t\t\t\t<\/div>\n\t\t\t\t<!-- carusel -->\n\t\t\t\t<div class=\"block_indent01\">\n\t\t\t\t\t<div class=\"swiper-container imgbox-inner__wrapper four-items-slider\" data-carousel=\"swiper\" data-slides-sm=\"2\" data-slides-lg=\"3\" data-slides-xl=\"4\" data-slides-xxl=\"4\" data-autoplay-Delay=\"2000\">\n\t\t\t\t\t\t<div class=\"swiper-wrapper\">\n\t\t\t\t\t\t\t\t\t\t\t\t\t<div class=\"swiper-slide\">\n\t\t\t\t\t\t\t\t<a href=\"#\" class=\"personal-03\">\n\t\t\t\t\t\t\t\t\t<div class=\"personal-03__img\">\n\t\t\t\t\t\t\t\t\t\t<picture>\n\t\t\t\t\t\t\t\t\t\t<source srcset=\"https:\/\/hidrologicasolucoes.com.br\/wp-content\/plugins\/elementor\/assets\/images\/placeholder.png\" data-srcset=\"https:\/\/hidrologicasolucoes.com.br\/wp-content\/plugins\/elementor\/assets\/images\/placeholder.png\" type=\"image\/jpg\">\n\t\t\t\t\t\t\t\t\t\t\t<img width=\"651\" height=\"651\" src=\"https:\/\/hidrologicasolucoes.com.br\/wp-content\/uploads\/2021\/07\/1589566912931.jpg\" class=\"attachment-full size-full\" alt=\"\" loading=\"lazy\" \/>\t\t\t\t\t\t\t\t\t\t<\/picture>\n\t\t\t\t\t\t\t\t\t<\/div>\n\t\t\t\t\t\t\t\t\t<div class=\"personal-03__title\"><\/div>\n\t\t\t\t\t\t\t\t\t<div class=\"personal-03__label\"><\/div>\n\t\t\t\t\t\t\t\t<\/a>\n\t\t\t\t\t\t\t<\/div>\n\t\t\t\t\t\t\t\t\t\t\t\t\t<\/div>\n\t\t\t\t\t\t<div class=\"swiper-pagination swiper-pagination__center\"><\/div>\n\t\t\t\t\t<\/div>\n\t\t\t\t<\/div>\n\t\t\t\t<!-- \/carusel -->\n\t\t\t<\/div>\n\t\t<\/div> \n\t\t\t\t<\/div>\n\t\t\t\t<\/div>\n\t\t\t\t\t<\/div>\n\t\t<\/div>\n\t\t\t\t\t\t\t<\/div>\n\t\t<\/section>\n\t\t\t\t<section class=\"elementor-section elementor-top-section elementor-element elementor-element-44f7f455 elementor-section-full_width elementor-section-height-default elementor-section-height-default\" data-id=\"44f7f455\" data-element_type=\"section\">\n\t\t\t\t\t\t<div class=\"elementor-container elementor-column-gap-default\">\n\t\t\t\t\t<div class=\"elementor-column elementor-col-100 elementor-top-column elementor-element elementor-element-18933b32\" data-id=\"18933b32\" data-element_type=\"column\">\n\t\t\t<div class=\"elementor-widget-wrap elementor-element-populated\">\n\t\t\t\t\t\t\t\t<div class=\"elementor-element elementor-element-2e5ebfd elementor-widget elementor-widget-spacer\" data-id=\"2e5ebfd\" data-element_type=\"widget\" data-widget_type=\"spacer.default\">\n\t\t\t\t<div class=\"elementor-widget-container\">\n\t\t\t\t\t<div class=\"elementor-spacer\">\n\t\t\t<div class=\"elementor-spacer-inner\"><\/div>\n\t\t<\/div>\n\t\t\t\t<\/div>\n\t\t\t\t<\/div>\n\t\t\t\t<div class=\"elementor-element elementor-element-536c6aa5 elementor-invisible elementor-widget elementor-widget-company_rsf\" data-id=\"536c6aa5\" data-element_type=\"widget\" data-settings=\"{&quot;_animation&quot;:&quot;fadeInLeft&quot;}\" data-widget_type=\"company_rsf.default\">\n\t\t\t\t<div class=\"elementor-widget-container\">\n\t\t\t      \n\t\t<div class=\"section-indent-negative03\">\n\t\t\t<div class=\"layout03\">\n\t\t\t\t<div class=\"layout03_bg lazyload\" data-bg=\"https:\/\/hidrologicasolucoes.com.br\/wp-content\/uploads\/2021\/07\/layout03-mapedit.png\"><\/div>\n\t\t\t\t<div class=\"container container__fluid-xl\">\n\t\t\t\t\t<div class=\"layout03__content\">\n\t\t\t\t\t\t<div class=\"row\">\n\n\t\t\t\t\t\t\t\t\t\t\t\t\t\t <div class=\"col-sm-6 col-md-4\">\n\t\t\t\t\t\t\t\t\t<div class=\"layout03__item\">\n\t\t\t\t\t\t\t\t\t\t<div class=\"layout03__item-img\">\n\t\t\t\t\t\t\t\t\t\t\t<picture>\n\t\t\t\t\t\t\t\t\t\t\t<source srcset=\"https:\/\/hidrologicasolucoes.com.br\/wp-content\/uploads\/2021\/07\/mission4.png\" data-srcset=\"https:\/\/hidrologicasolucoes.com.br\/wp-content\/uploads\/2021\/07\/mission4.png\" type=\"image\/jpg\">\n\t\t\t\t\t\t\t\t\t\t\t\t<img width=\"104\" height=\"120\" src=\"https:\/\/hidrologicasolucoes.com.br\/wp-content\/uploads\/2021\/07\/mission4.png\" class=\"attachment-full size-full\" alt=\"\" loading=\"lazy\" \/>\t\t\t\t\t\t\t\t\t\t\t<\/picture>\n\t\t\t\t\t\t\t\t\t\t<\/div>\n\t\t\t\t\t\t\t\t\t\t<div class=\"layout03__item-content\">\n\t\t\t\t\t\t\t\t\t\t\t<h5 class=\"layout03__item-title\"><h2>Miss\u00e3o<\/h><\/h5>\n\t\t\t\t\t\t\t\t\t\t\t<p>\n\t\t\t\t\t\t\t\t\t\t\t\tDesenvolver projetos e servi\u00e7os com solu\u00e7\u00f5es respons\u00e1veis em recursos h\u00eddricos, dentro dos padr\u00f5es da legalidade, qualidade e lisura, visando a satisfa\u00e7\u00e3o dos clientes e a sustentabilidade ambiental. \t\t\t\t\t\t\t\t\t\t\t<\/p>\n\t\t\t\t\t\t\t\t\t\t<\/div>\n\t\t\t\t\t\t\t\t\t<\/div>\n\t\t\t\t\t\t\t\t<\/div> \n\t\t\t\t\t\t  \t\t\t\t\t\t\t <div class=\"col-sm-6 col-md-4\">\n\t\t\t\t\t\t\t\t\t<div class=\"layout03__item\">\n\t\t\t\t\t\t\t\t\t\t<div class=\"layout03__item-img\">\n\t\t\t\t\t\t\t\t\t\t\t<picture>\n\t\t\t\t\t\t\t\t\t\t\t<source srcset=\"https:\/\/hidrologicasolucoes.com.br\/wp-content\/uploads\/2021\/07\/vision4.png\" data-srcset=\"https:\/\/hidrologicasolucoes.com.br\/wp-content\/uploads\/2021\/07\/vision4.png\" type=\"image\/jpg\">\n\t\t\t\t\t\t\t\t\t\t\t\t<img width=\"104\" height=\"120\" src=\"https:\/\/hidrologicasolucoes.com.br\/wp-content\/uploads\/2021\/07\/vision4.png\" class=\"attachment-full size-full\" alt=\"\" loading=\"lazy\" \/>\t\t\t\t\t\t\t\t\t\t\t<\/picture>\n\t\t\t\t\t\t\t\t\t\t<\/div>\n\t\t\t\t\t\t\t\t\t\t<div class=\"layout03__item-content\">\n\t\t\t\t\t\t\t\t\t\t\t<h5 class=\"layout03__item-title\"><h2>Vis\u00e3o<\/h><\/h5>\n\t\t\t\t\t\t\t\t\t\t\t<p>\n\t\t\t\t\t\t\t\t\t\t\t\tSer uma empresa de refer\u00eancia na elabora\u00e7\u00e3o de estudos e projetos relacionados aos recursos h\u00eddricos, com foco em solu\u00e7\u00f5es tecnol\u00f3gicas e em conformidade com as atualiza\u00e7\u00f5es legais.\t\t\t\t\t\t\t\t\t\t\t<\/p>\n\t\t\t\t\t\t\t\t\t\t<\/div>\n\t\t\t\t\t\t\t\t\t<\/div>\n\t\t\t\t\t\t\t\t<\/div> \n\t\t\t\t\t\t  \t\t\t\t\t\t\t <div class=\"col-sm-6 col-md-4\">\n\t\t\t\t\t\t\t\t\t<div class=\"layout03__item\">\n\t\t\t\t\t\t\t\t\t\t<div class=\"layout03__item-img\">\n\t\t\t\t\t\t\t\t\t\t\t<picture>\n\t\t\t\t\t\t\t\t\t\t\t<source srcset=\"https:\/\/hidrologicasolucoes.com.br\/wp-content\/uploads\/2021\/07\/values4.png\" data-srcset=\"https:\/\/hidrologicasolucoes.com.br\/wp-content\/uploads\/2021\/07\/values4.png\" type=\"image\/jpg\">\n\t\t\t\t\t\t\t\t\t\t\t\t<img width=\"104\" height=\"120\" src=\"https:\/\/hidrologicasolucoes.com.br\/wp-content\/uploads\/2021\/07\/values4.png\" class=\"attachment-full size-full\" alt=\"\" loading=\"lazy\" \/>\t\t\t\t\t\t\t\t\t\t\t<\/picture>\n\t\t\t\t\t\t\t\t\t\t<\/div>\n\t\t\t\t\t\t\t\t\t\t<div class=\"layout03__item-content\">\n\t\t\t\t\t\t\t\t\t\t\t<h5 class=\"layout03__item-title\"><h2>Valores<\/h><\/h5>\n\t\t\t\t\t\t\t\t\t\t\t<p>\n\t\t\t\t\t\t\t\t\t\t\t\tComprometimento; Qualidade; Confian\u00e7a; Confidencialidade; \u00c9tica; Respeito \u00e0 vida, \u00e0s pessoas e ao meio ambiente; Responsabilidade; Supera\u00e7\u00e3o; Trabalho em Equipe.\t\t\t\t\t\t\t\t\t\t\t<\/p>\n\t\t\t\t\t\t\t\t\t\t<\/div>\n\t\t\t\t\t\t\t\t\t<\/div>\n\t\t\t\t\t\t\t\t<\/div> \n\t\t\t\t\t\t  \n\t\t\t\t\t\t<\/div>\n\t\t\t\t\t<\/div>\n\t\t\t\t<\/div>\n\t\t\t<\/div>\n\t\t<\/div>\n\t\t\n\t\t\t\t<\/div>\n\t\t\t\t<\/div>\n\t\t\t\t\t<\/div>\n\t\t<\/div>\n\t\t\t\t\t\t\t<\/div>\n\t\t<\/section>\n\t\t\t\t\t\t<\/div>\n\t\t\t\t\t<\/div>\n\t\t","protected":false},"excerpt":{"rendered":"<p>Oficialmente, a hist\u00f3ria da Hidrol\u00f3gica come\u00e7a em 2020. Por\u00e9m, esse sonho j\u00e1 vinha sendo amadurecido desde 2005, na primeira viagem de mapeamento hidrol\u00f3gico que foi objeto de estudo do mestrado de um dos s\u00f3cios. Da primeira visita \u00e0s regi\u00f5es de cabeceira do Rio Grande, na serra da Mantiqueira, no sul de Minas Gerais, at\u00e9 hoje, [&hellip;]<\/p>\n","protected":false},"author":1,"featured_media":0,"parent":0,"menu_order":0,"comment_status":"closed","ping_status":"closed","template":"elementor_header_footer","meta":[],"_links":{"self":[{"href":"https:\/\/hidrologicasolucoes.com.br\/index.php\/wp-json\/wp\/v2\/pages\/842"}],"collection":[{"href":"https:\/\/hidrologicasolucoes.com.br\/index.php\/wp-json\/wp\/v2\/pages"}],"about":[{"href":"https:\/\/hidrologicasolucoes.com.br\/index.php\/wp-json\/wp\/v2\/types\/page"}],"author":[{"embeddable":true,"href":"https:\/\/hidrologicasolucoes.com.br\/index.php\/wp-json\/wp\/v2\/users\/1"}],"replies":[{"embeddable":true,"href":"https:\/\/hidrologicasolucoes.com.br\/index.php\/wp-json\/wp\/v2\/comments?post=842"}],"version-history":[{"count":144,"href":"https:\/\/hidrologicasolucoes.com.br\/index.php\/wp-json\/wp\/v2\/pages\/842\/revisions"}],"predecessor-version":[{"id":3107,"href":"https:\/\/hidrologicasolucoes.com.br\/index.php\/wp-json\/wp\/v2\/pages\/842\/revisions\/3107"}],"wp:attachment":[{"href":"https:\/\/hidrologicasolucoes.com.br\/index.php\/wp-json\/wp\/v2\/media?parent=842"}],"curies":[{"name":"wp","href":"https:\/\/api.w.org\/{rel}","templated":true}]}}